{"id":6744,"date":"2020-06-24T22:56:11","date_gmt":"2020-06-24T20:56:11","guid":{"rendered":"https:\/\/dcwebdesign.ro\/2020\/?page_id=6744"},"modified":"2025-11-07T12:32:15","modified_gmt":"2025-11-07T10:32:15","slug":"promovare-seo-prin-content-marketing","status":"publish","type":"page","link":"https:\/\/dcwebdesign.ro\/en\/promovare-seo-prin-content-marketing\/","title":{"rendered":"Promovare SEO prin Content Marketing"},"content":{"rendered":"<div id=\"rb_content_69e23b9f74ca8\" class=\"rb_content_69e23b9f74ca8 rb-content background_no_hover\" ><div class='rb_layer rb_stretch_row' data-vc-full-width='true' data-vc-full-width-init='false'><div style='background-image:url(&quot;https:\/\/dcwebdesign.ro\/wp-content\/uploads\/2019\/08\/645x666.png&quot;);\t\t\t\t\t\tright:0%;\t\t\t\t\t\t width:50% !important;\t\t\t\t\t\t background-size:initial;\t\t\t\t\t\t background-position:right top;\t\t\t\t\t\t background-repeat:no-repeat;\t\t\t\t\t\t\t\t\t\t\t\t margin: -80px 0px 0px;\t\t\t\t\t\t opacity: 1;\t\t\t\t\t'><\/div><\/div><div class='vc_row-full-width vc_clearfix'><\/div><div data-vc-full-width=\"true\" data-vc-full-width-init=\"false\" class=\"vc_row wpb_row vc_row-fluid vc_custom_1572263058086\"><div class=\"row_hover_effect\"><\/div><div id='rb_column_69e23b9f75bba' class='rb_column_wrapper vc_col-sm-12'><div class=\"wpb_column vc_column_container vc_col-sm-12\"><div class=\"vc_column-inner\"><div class=\"wpb_wrapper\"><div class='rb_textmodule_69e23b9f76223 rb_textmodule subtitle_aside align_left'><div class='subtitle-wrapper'><p class='rb_textmodule_subtitle'>SEO promotions<\/p><\/div><div class='main-text-wrapper'><div class='rb_textmodule_content_wrapper'><p>SEO promotions campaigns based on <strong>Content Marketing<\/strong> is the following stage after <a href=\"\/en\/optimizare-seo-pentru-google\/\">On Page SEO<\/a>. It is represented by the link building strategy that we implement with the help of our partner sites and blogs.<\/p>\n<p>The link building strategy consists in posting on sites or blogs the articles and advertorials requested by us. These articles or advertorials contain keywords of interest for our campaign but also a link to the page to be promoted.<\/p>\n<p>The site is promoted on the one hand for Google and on the other hand for the visitors of the sites where the article appears.<\/p>\n<\/div><\/div><\/div><\/div><\/div><\/div><\/div><\/div><div class=\"vc_row-full-width vc_clearfix\"><\/div><\/div><div id=\"rb_content_69e23b9f76be0\" class=\"rb_content_69e23b9f76be0 rb-content background_no_hover\" ><div class='particles-wrapper' style=\"margin-top:-7%;\"><div id='particles-69e23b9f76c9c' class='particles-js top_right'  data-color='#353535' data-size='170' data-count='1' data-speed='2' data-hide='767' data-shape='image' data-mode='bounce' data-image-url='https:\/\/dcwebdesign.ro\/wp-content\/uploads\/2019\/08\/424x332-150x150.png' data-image-width='150' data-image-height='150' style='width:50%;height:30%;'><\/div><\/div><div class='vc_row-full-width vc_clearfix'><\/div><div data-vc-full-width=\"true\" data-vc-full-width-init=\"false\" class=\"vc_row wpb_row vc_row-fluid vc_custom_1572263144421 vc_row-has-fill\"><div class=\"row_hover_effect\"><\/div><div id='rb_column_69e23b9f775a2' class='rb_column_wrapper vc_col-sm-12'><div class=\"wpb_column vc_column_container vc_col-sm-12\"><div class=\"vc_column-inner\"><div class=\"wpb_wrapper\"><div class='rb_textmodule_69e23b9f778d4 rb_textmodule subtitle_aside align_left'><div class='subtitle-wrapper'><p class='rb_textmodule_subtitle'>autoritatea paginii<\/p><\/div><div class='main-text-wrapper'><h3 class='rb_textmodule_title'>Check the rating of your site<\/h3><div class='rb_textmodule_content_wrapper'><p>The degree of SEO promotion of a site is measured using an indicator called page \/ domain authority. The measurement is made on a scale from 1 to 100.<\/p>\n<\/div><\/div><\/div><div id='rb_inner_row_69e23b9f77ef5' class='rb_inner_row_wrapper'><div class=\"vc_row wpb_row vc_inner vc_row-fluid vc_custom_1572505636202\"><div id='rb_column_69e23b9f7834e' class='rb_column_wrapper vc_col-sm-12'><div class=\"wpb_column vc_column_container vc_col-sm-12\"><div class=\"vc_column-inner\"><div class=\"wpb_wrapper\"><div id='rb_roadmap_69e23b9f786f2' class='rb_roadmap_module style_round'><div class='rb_roadmap_item active'><div class='roadmap_icon_wrapper'><svg style=\"width:100px; height:100px;\" xmlns=\"http:\/\/www.w3.org\/2000\/svg\"><circle cx=\"50\" cy=\"50\" r=\"50\" \/><\/svg><i class=\"1\"><\/i><span class='roadmap_divider'><\/span><span class='number title_ff'>1<\/span><\/div><div class='roadmap_content_wrapper'><p class='h3 roadmap_title'>New site authority<\/p><\/div><\/div><div class='rb_roadmap_item'><div class='roadmap_icon_wrapper'><svg style=\"width:100px; height:100px;\" xmlns=\"http:\/\/www.w3.org\/2000\/svg\"><circle cx=\"50\" cy=\"50\" r=\"50\" \/><\/svg><i class=\"29\"><\/i><span class='roadmap_divider'><\/span><span class='number title_ff'>29<\/span><\/div><div class='roadmap_content_wrapper'><p class='h3 roadmap_title'>The average authority of a site<\/p><\/div><\/div><div class='rb_roadmap_item'><div class='roadmap_icon_wrapper'><svg style=\"width:100px; height:100px;\" xmlns=\"http:\/\/www.w3.org\/2000\/svg\"><circle cx=\"50\" cy=\"50\" r=\"50\" \/><\/svg><i class=\"88\"><\/i><span class='roadmap_divider'><\/span><span class='number title_ff'>88<\/span><\/div><div class='roadmap_content_wrapper'><p class='h3 roadmap_title'>Google.ro page authority<\/p><\/div><\/div><\/div><\/div><\/div><\/div><\/div><\/div><\/div><div id='rb_button_wrapper_69e23b9f788ad' class='rb_button_wrapper default'><a id='rb_button_69e23b9f788af' class='rb_button medium' href='https:\/\/dcwebdesign.ro\/en\/contact\/' >Solicita Audit<\/a><\/div><\/div><\/div><\/div><\/div><\/div><div class=\"vc_row-full-width vc_clearfix\"><\/div><\/div><div id=\"rb_content_69e23b9f78a8f\" class=\"rb_content_69e23b9f78a8f rb-content background_no_hover\" ><div class='particles-wrapper' style=\"margin-top:-15%;\"><div id='particles-69e23b9f78b4e' class='particles-js top_right'  data-color='#353535' data-size='70' data-count='3' data-speed='2' data-hide='767' data-shape='image' data-mode='bounce' data-image-url='https:\/\/dcwebdesign.ro\/wp-content\/uploads\/2019\/08\/187x187-150x150.png' data-image-width='150' data-image-height='150' style='width:80%;height:50%;'><\/div><\/div><div class='vc_row-full-width vc_clearfix'><\/div><div data-vc-full-width=\"true\" data-vc-full-width-init=\"false\" class=\"vc_row wpb_row vc_row-fluid vc_custom_1598364561900 vc_row-has-fill\"><div class=\"row_hover_effect\"><\/div><div id='rb_column_69e23b9f792b9' class='rb_column_wrapper vc_col-sm-12'><div class=\"wpb_column vc_column_container vc_col-sm-12\"><div class=\"vc_column-inner\"><div class=\"wpb_wrapper\"><div class='rb_textmodule_69e23b9f794d3 rb_textmodule subtitle_aside align_center'><h3 class='rb_textmodule_title'>Our processes<\/h3><\/div><div id='rb_inner_row_69e23b9f797ad' class='rb_inner_row_wrapper'><div class=\"vc_row wpb_row vc_inner vc_row-fluid vc_custom_1592574278523 vc_row-o-content-middle vc_row-flex\"><div id='rb_column_69e23b9f7993c' class='rb_column_wrapper vc_col-sm-6 vc_col-lg-4 vc_col-md-4'><div class=\"wpb_column vc_column_container vc_col-sm-6 vc_col-lg-4 vc_col-md-4\"><div class=\"vc_column-inner\"><div class=\"wpb_wrapper\"><div id='rb_service_69e23b9f79dcb' class='rb_service_module style_icon_top shape_triangle align_left mobile_align_center'><div class='service_icon_wrapper'><svg style=\"width:100px; height:100px;\" xmlns=\"http:\/\/www.w3.org\/2000\/svg\"><defs>\r\n\t\t\t\t\t\t\t\t\t<lineargradient id=\"gradient_69e23b9f79e51\" x1=\"0%\" y1=\"0%\" x2=\"0%\" y2=\"100%\">\r\n\t\t\t\t\t\t\t\t\t\t<stop offset=\"0%\" style=\"stop-color:#ffeb00; stop-opacity:1\" \/>\r\n\t\t\t\t\t\t\t\t\t\t<stop offset=\"100%\" style=\"stop-color:#ffeb00; stop-opacity:1\" \/>\r\n\t\t\t\t\t\t\t\t\t<\/lineargradient>\r\n\t\t\t\t\t\t\t\t<\/defs><path d=\"M75.4,16.7L96.7,57c10,18.9-4,41.6-25.1,40.9l-45.1-1.5C5.5,95.8-7,72.2,4.2,54L28,15.1C39.1-3.1,65.5-2.2,75.4,16.7z\" fill=\"url(#gradient_69e23b9f79e51)\"\/><\/svg><i class=\"flaticon-color\"><\/i><\/div><div class=\"service_content_wrapper\"><h3 class=\"service_title\">Goal setting<\/h3><div class='content_wrapper'><p>We set goals that must be met through a content promotion SEO campaign.<\/p>\n<\/div><\/div><\/div><\/div><\/div><\/div><\/div><div id='rb_column_69e23b9f79ede' class='rb_column_wrapper vc_col-sm-6 vc_col-lg-4 vc_col-md-4'><div class=\"wpb_column vc_column_container vc_col-sm-6 vc_col-lg-4 vc_col-md-4\"><div class=\"vc_column-inner\"><div class=\"wpb_wrapper\"><div id='rb_service_69e23b9f7a2af' class='rb_service_module style_icon_top shape_triangle align_left mobile_align_center'><div class='service_icon_wrapper'><svg style=\"width:100px; height:100px;\" xmlns=\"http:\/\/www.w3.org\/2000\/svg\"><defs>\r\n\t\t\t\t\t\t\t\t\t<lineargradient id=\"gradient_69e23b9f7a325\" x1=\"0%\" y1=\"0%\" x2=\"0%\" y2=\"100%\">\r\n\t\t\t\t\t\t\t\t\t\t<stop offset=\"0%\" style=\"stop-color:#ffeb00; stop-opacity:1\" \/>\r\n\t\t\t\t\t\t\t\t\t\t<stop offset=\"100%\" style=\"stop-color:#ffeb00; stop-opacity:1\" \/>\r\n\t\t\t\t\t\t\t\t\t<\/lineargradient>\r\n\t\t\t\t\t\t\t\t<\/defs><path d=\"M75.4,16.7L96.7,57c10,18.9-4,41.6-25.1,40.9l-45.1-1.5C5.5,95.8-7,72.2,4.2,54L28,15.1C39.1-3.1,65.5-2.2,75.4,16.7z\" fill=\"url(#gradient_69e23b9f7a325)\"\/><\/svg><i class=\"flaticon-pencil\"><\/i><\/div><div class=\"service_content_wrapper\"><h3 class=\"service_title\">SEO strategy<\/h3><div class='content_wrapper'><p>We create the strategy and the timing of the posts, the distribution of the articles, their subject and the SEO details of the campaign.<\/p>\n<\/div><\/div><\/div><\/div><\/div><\/div><\/div><div id='rb_column_69e23b9f7a39a' class='rb_column_wrapper vc_col-sm-6 vc_col-lg-4 vc_col-md-4'><div class=\"wpb_column vc_column_container vc_col-sm-6 vc_col-lg-4 vc_col-md-4\"><div class=\"vc_column-inner\"><div class=\"wpb_wrapper\"><div id='rb_service_69e23b9f7a716' class='rb_service_module style_icon_top shape_triangle align_left mobile_align_center'><div class='service_icon_wrapper'><svg style=\"width:100px; height:100px;\" xmlns=\"http:\/\/www.w3.org\/2000\/svg\"><defs>\r\n\t\t\t\t\t\t\t\t\t<lineargradient id=\"gradient_69e23b9f7a787\" x1=\"0%\" y1=\"0%\" x2=\"0%\" y2=\"100%\">\r\n\t\t\t\t\t\t\t\t\t\t<stop offset=\"0%\" style=\"stop-color:#ffeb00; stop-opacity:1\" \/>\r\n\t\t\t\t\t\t\t\t\t\t<stop offset=\"100%\" style=\"stop-color:#ffeb00; stop-opacity:1\" \/>\r\n\t\t\t\t\t\t\t\t\t<\/lineargradient>\r\n\t\t\t\t\t\t\t\t<\/defs><path d=\"M75.4,16.7L96.7,57c10,18.9-4,41.6-25.1,40.9l-45.1-1.5C5.5,95.8-7,72.2,4.2,54L28,15.1C39.1-3.1,65.5-2.2,75.4,16.7z\" fill=\"url(#gradient_69e23b9f7a787)\"\/><\/svg><i class=\"flaticon-inspiration\"><\/i><\/div><div class=\"service_content_wrapper\"><h3 class=\"service_title\">Analyze<\/h3><div class='content_wrapper'><p>We analyze, monitor and report monthly the achievements of the campaign for <strong>SEO promotion<\/strong>.<\/p>\n<\/div><\/div><\/div><\/div><\/div><\/div><\/div><\/div><\/div><\/div><\/div><\/div><\/div><\/div><div class=\"vc_row-full-width vc_clearfix\"><\/div><\/div><div id=\"rb_content_69e23b9f7a916\" class=\"rb_content_69e23b9f7a916 rb-content background_no_hover\" ><div class='particles-wrapper' style=\"margin-top:-10%;\"><div id='particles-69e23b9f7a982' class='particles-js top_center'  data-color='#353535' data-size='60' data-count='1' data-speed='2' data-hide='767' data-shape='image' data-mode='bounce' data-image-url='https:\/\/dcwebdesign.ro\/wp-content\/uploads\/2019\/08\/195x185-1-150x150.png' data-image-width='150' data-image-height='150' style='width:40%;height:30%;'><\/div><\/div><div class='vc_row-full-width vc_clearfix'><\/div><div data-vc-full-width=\"true\" data-vc-full-width-init=\"false\" class=\"vc_row wpb_row vc_row-fluid vc_custom_1593035395741 vc_row-o-content-middle vc_row-flex\"><div class=\"row_hover_effect\"><\/div><div id='rb_column_69e23b9f7af73' class='rb_column_wrapper vc_col-sm-12 vc_col-lg-6 vc_col-md-6'><div class=\"wpb_column vc_column_container vc_col-sm-12 vc_col-lg-6 vc_col-md-6\"><div class=\"vc_column-inner vc_custom_1572505670297\"><div class=\"wpb_wrapper\"><div class='rb_textmodule_69e23b9f7b0f5 rb_textmodule subtitle_aside align_left'><div class='subtitle-wrapper'><p class='rb_textmodule_subtitle'>our offer<\/p><\/div><div class='main-text-wrapper'><h3 class='rb_textmodule_title'>Content Marketing Packages<\/h3><div class='rb_textmodule_content_wrapper'><p>We have preferential access to the publication of articles in a network of over 500 sites in Romania, with authorities between 20 and 75. The articles will be written by our web copywriters.<\/p>\n<\/div><\/div><\/div><\/div><\/div><\/div><\/div><div class=\"row_hover_effect\"><\/div><div id='rb_column_69e23b9f7b3ed' class='rb_column_wrapper vc_col-sm-12 vc_col-lg-6 vc_col-md-6'><div class=\"wpb_column vc_column_container vc_col-sm-12 vc_col-lg-6 vc_col-md-6\"><div class=\"vc_column-inner\"><div class=\"wpb_wrapper\"><div id='rb_image_69e23b9f7b5b3' class='rb_image_module background_3d'  data-max_tilt=\"10\" data-perspective=\"1000\" data-scale=\"1\" data-speed=\"300\"><div class=\"main_image\"><img decoding=\"async\" src=\"https:\/\/dcwebdesign.ro\/wp-content\/uploads\/2020\/06\/optimizare-seo.jpg\" alt=\"Optimizare SEO\" \/><\/div><\/div><\/div><\/div><\/div><\/div><\/div><div class=\"vc_row-full-width vc_clearfix\"><\/div><\/div><div id=\"rb_content_69e23b9f7b96f\" class=\"rb_content_69e23b9f7b96f rb-content background_no_hover\" ><div class=\"vc_row wpb_row vc_row-fluid\"><div class=\"row_hover_effect\"><\/div><div id='rb_column_69e23b9f7bb34' class='rb_column_wrapper vc_col-sm-4'><div class=\"wpb_column vc_column_container vc_col-sm-4\"><div class=\"vc_column-inner\"><div class=\"wpb_wrapper\"><div id='rb_pricing_plan_69e23b9f7bd12' class='rb_pricing_plan_module'><div class='pricing-header'><h3>Bronze package<\/h3><span class='pricing_plan_divider'><\/span><div class='price_wrapper'><i>$<\/i><span>49<\/span><p>small budgets<\/p><\/div><\/div><div class='content-wrapper'><i class=\"Strategie Content Marketing\"><\/i><p class='content-item-title'>Content Marketing Strategy<\/p><i class=\"Calendar postari\"><\/i><p class='content-item-title'>Post calendar<\/p><i class=\"Analiza cuvinte cheie\"><\/i><p class='content-item-title'>Keyword analysis<\/p><i class=\"4 advertoriale\"><\/i><p class='content-item-title'>4 articles <\/p><i class=\"Raportare lunara\"><\/i><p class='content-item-title'>Monthly reporting<\/p><\/div><div class='rb_button_wrapper'><a href='\/en\/contact\/' class='rb_button medium pricing_plan_button'>Details<\/a><\/div><\/div><\/div><\/div><\/div><\/div><div class=\"row_hover_effect\"><\/div><div id='rb_column_69e23b9f7bf3b' class='rb_column_wrapper vc_col-sm-4'><div class=\"wpb_column vc_column_container vc_col-sm-4\"><div class=\"vc_column-inner\"><div class=\"wpb_wrapper\"><div id='rb_pricing_plan_69e23b9f7c099' class='rb_pricing_plan_module'><div class='pricing-header'><h3>Silver package<\/h3><span class='pricing_plan_divider'><\/span><div class='price_wrapper'><i>$<\/i><span>49<\/span><p>medium budgets<\/p><\/div><\/div><div class='content-wrapper'><i class=\"Strategie Content Marketing\"><\/i><p class='content-item-title'>Content Marketing Strategy<\/p><i class=\"Calendar postari\"><\/i><p class='content-item-title'>Post calendar<\/p><i class=\"Analiza cuvinte cheie\"><\/i><p class='content-item-title'>Keyword analysis<\/p><i class=\"8 advertoriale\"><\/i><p class='content-item-title'>8 articles <\/p><i class=\"Raportare lunara\"><\/i><p class='content-item-title'>Monthly reporting<\/p><\/div><div class='rb_button_wrapper'><a href='\/en\/contact\/' class='rb_button medium pricing_plan_button'>Details<\/a><\/div><\/div><\/div><\/div><\/div><\/div><div class=\"row_hover_effect\"><\/div><div id='rb_column_69e23b9f7c28b' class='rb_column_wrapper vc_col-sm-4'><div class=\"wpb_column vc_column_container vc_col-sm-4\"><div class=\"vc_column-inner\"><div class=\"wpb_wrapper\"><div id='rb_pricing_plan_69e23b9f7c3f4' class='rb_pricing_plan_module'><div class='pricing-header'><h3>Gold package<\/h3><span class='pricing_plan_divider'><\/span><div class='price_wrapper'><i>$<\/i><span>49<\/span><p>big budgets<\/p><\/div><\/div><div class='content-wrapper'><i class=\"Strategie Content Marketing\"><\/i><p class='content-item-title'>Content Marketing Strategy<\/p><i class=\"Calendar postari\"><\/i><p class='content-item-title'>Post calendar<\/p><i class=\"Analiza cuvinte cheie\"><\/i><p class='content-item-title'>Keyword analysis<\/p><i class=\"12 advertoriale\"><\/i><p class='content-item-title'>12 articles <\/p><i class=\"Raportare lunara\"><\/i><p class='content-item-title'>Monthly reporting<\/p><\/div><div class='rb_button_wrapper'><a href='\/en\/contact\/' class='rb_button medium pricing_plan_button'>Details<\/a><\/div><\/div><\/div><\/div><\/div><\/div><\/div><\/div><div id=\"rb_content_69e23b9f7c65e\" class=\"rb_content_69e23b9f7c65e rb-content background_no_hover\" ><div class='particles-wrapper' style=\"margin-top:-10%;\"><div id='particles-69e23b9f7c6c0' class='particles-js top_center'  data-color='#353535' data-size='70' data-count='1' data-speed='2' data-hide='767' data-shape='image' data-mode='bounce' data-image-url='https:\/\/dcwebdesign.ro\/wp-content\/uploads\/2019\/08\/201x191-150x150.png' data-image-width='150' data-image-height='150' style='width:50%;height:50%;'><\/div><\/div><div class='vc_row-full-width vc_clearfix'><\/div><\/div>","protected":false},"excerpt":{"rendered":"ce este promovarea SEOPromovarea SEO off page prin campanii de Content Marketing este etapa care urmeaz\u0103 dup\u0103 Optimizarea SEO. Este reprezentat\u0103 de strategia de link building pe care o implement\u0103m cu ajutorul site-urilor \u0219i blogurilor noastre partenere. Strategia de link building const\u0103 \u00een postarea pe site-uri sau bloguri a articolelor \u0219i advertorialelor cerute de c\u0103tre [...]","protected":false},"author":1,"featured_media":0,"parent":0,"menu_order":0,"comment_status":"closed","ping_status":"closed","template":"","meta":{"footnotes":""},"class_list":["post-6744","page","type-page","status-publish","hentry"],"yoast_head":"<!-- This site is optimized with the Yoast SEO plugin v27.3 - https:\/\/yoast.com\/product\/yoast-seo-wordpress\/ -->\n<title>DC Web Design - Promovare SEO prin Content Marketing<\/title>\n<meta name=\"description\" content=\"De 10 ani cream campanii de promovare SEO eficiente pentru clientii nostri. Vezi oferta noastra de promovare seo prin Content Marketing.\" \/>\n<meta name=\"robots\" content=\"index, follow, max-snippet:-1, max-image-preview:large, max-video-preview:-1\" \/>\n<link rel=\"canonical\" href=\"https:\/\/dcwebdesign.ro\/en\/promovare-seo-prin-content-marketing\/\" \/>\n<meta property=\"og:locale\" content=\"en_GB\" \/>\n<meta property=\"og:type\" content=\"article\" \/>\n<meta property=\"og:title\" content=\"DC Web Design - Promovare SEO prin Content Marketing\" \/>\n<meta property=\"og:description\" content=\"De 10 ani cream campanii de promovare SEO eficiente pentru clientii nostri. Vezi oferta noastra de promovare seo prin Content Marketing.\" \/>\n<meta property=\"og:url\" content=\"https:\/\/dcwebdesign.ro\/en\/promovare-seo-prin-content-marketing\/\" \/>\n<meta property=\"og:site_name\" content=\"DC Web Design\" \/>\n<meta property=\"article:publisher\" content=\"https:\/\/www.facebook.com\/dcwebexperts\/\" \/>\n<meta property=\"article:modified_time\" content=\"2025-11-07T10:32:15+00:00\" \/>\n<meta property=\"og:image\" content=\"https:\/\/dcwebdesign.ro\/wp-content\/uploads\/2020\/06\/dreamteam.jpg\" \/>\n\t<meta property=\"og:image:width\" content=\"1000\" \/>\n\t<meta property=\"og:image:height\" content=\"1000\" \/>\n\t<meta property=\"og:image:type\" content=\"image\/jpeg\" \/>\n<meta name=\"twitter:card\" content=\"summary_large_image\" \/>\n<meta name=\"twitter:label1\" content=\"Estimated reading time\" \/>\n\t<meta name=\"twitter:data1\" content=\"3 minutes\" \/>\n<script type=\"application\/ld+json\" class=\"yoast-schema-graph\">{\"@context\":\"https:\\\/\\\/schema.org\",\"@graph\":[{\"@type\":\"WebPage\",\"@id\":\"https:\\\/\\\/dcwebdesign.ro\\\/promovare-seo-prin-content-marketing\\\/\",\"url\":\"https:\\\/\\\/dcwebdesign.ro\\\/promovare-seo-prin-content-marketing\\\/\",\"name\":\"DC Web Design - Promovare SEO prin Content Marketing\",\"isPartOf\":{\"@id\":\"https:\\\/\\\/dcwebdesign.ro\\\/#website\"},\"datePublished\":\"2020-06-24T20:56:11+00:00\",\"dateModified\":\"2025-11-07T10:32:15+00:00\",\"description\":\"De 10 ani cream campanii de promovare SEO eficiente pentru clientii nostri. Vezi oferta noastra de promovare seo prin Content Marketing.\",\"breadcrumb\":{\"@id\":\"https:\\\/\\\/dcwebdesign.ro\\\/promovare-seo-prin-content-marketing\\\/#breadcrumb\"},\"inLanguage\":\"en-GB\",\"potentialAction\":[{\"@type\":\"ReadAction\",\"target\":[\"https:\\\/\\\/dcwebdesign.ro\\\/promovare-seo-prin-content-marketing\\\/\"]}]},{\"@type\":\"BreadcrumbList\",\"@id\":\"https:\\\/\\\/dcwebdesign.ro\\\/promovare-seo-prin-content-marketing\\\/#breadcrumb\",\"itemListElement\":[{\"@type\":\"ListItem\",\"position\":1,\"name\":\"Prima pagin\u0103\",\"item\":\"https:\\\/\\\/dcwebdesign.ro\\\/\"},{\"@type\":\"ListItem\",\"position\":2,\"name\":\"Promovare SEO prin Content Marketing\"}]},{\"@type\":\"WebSite\",\"@id\":\"https:\\\/\\\/dcwebdesign.ro\\\/#website\",\"url\":\"https:\\\/\\\/dcwebdesign.ro\\\/\",\"name\":\"DC Web Design\",\"description\":\"Agentia ta web full service\",\"publisher\":{\"@id\":\"https:\\\/\\\/dcwebdesign.ro\\\/#organization\"},\"potentialAction\":[{\"@type\":\"SearchAction\",\"target\":{\"@type\":\"EntryPoint\",\"urlTemplate\":\"https:\\\/\\\/dcwebdesign.ro\\\/?s={search_term_string}\"},\"query-input\":{\"@type\":\"PropertyValueSpecification\",\"valueRequired\":true,\"valueName\":\"search_term_string\"}}],\"inLanguage\":\"en-GB\"},{\"@type\":\"Organization\",\"@id\":\"https:\\\/\\\/dcwebdesign.ro\\\/#organization\",\"name\":\"SC DC WEBEXPERTS SRL\",\"url\":\"https:\\\/\\\/dcwebdesign.ro\\\/\",\"logo\":{\"@type\":\"ImageObject\",\"inLanguage\":\"en-GB\",\"@id\":\"https:\\\/\\\/dcwebdesign.ro\\\/#\\\/schema\\\/logo\\\/image\\\/\",\"url\":\"https:\\\/\\\/dcwebdesign.ro\\\/wp-content\\\/uploads\\\/2020\\\/04\\\/logomare.png\",\"contentUrl\":\"https:\\\/\\\/dcwebdesign.ro\\\/wp-content\\\/uploads\\\/2020\\\/04\\\/logomare.png\",\"width\":838,\"height\":816,\"caption\":\"SC DC WEBEXPERTS SRL\"},\"image\":{\"@id\":\"https:\\\/\\\/dcwebdesign.ro\\\/#\\\/schema\\\/logo\\\/image\\\/\"},\"sameAs\":[\"https:\\\/\\\/www.facebook.com\\\/dcwebexperts\\\/\",\"https:\\\/\\\/www.instagram.com\\\/dcwebdesign\\\/\",\"https:\\\/\\\/www.linkedin.com\\\/company\\\/dc-web-design-agency\\\/\",\"https:\\\/\\\/www.youtube.com\\\/channel\\\/UCpplVNydMH2OMlZgzoU-wYw\"]}]}<\/script>\n<!-- \/ Yoast SEO plugin. -->","yoast_head_json":{"title":"DC Web Design - Promovare SEO prin Content Marketing","description":"De 10 ani cream campanii de promovare SEO eficiente pentru clientii nostri. Vezi oferta noastra de promovare seo prin Content Marketing.","robots":{"index":"index","follow":"follow","max-snippet":"max-snippet:-1","max-image-preview":"max-image-preview:large","max-video-preview":"max-video-preview:-1"},"canonical":"https:\/\/dcwebdesign.ro\/en\/promovare-seo-prin-content-marketing\/","og_locale":"en_GB","og_type":"article","og_title":"DC Web Design - Promovare SEO prin Content Marketing","og_description":"De 10 ani cream campanii de promovare SEO eficiente pentru clientii nostri. Vezi oferta noastra de promovare seo prin Content Marketing.","og_url":"https:\/\/dcwebdesign.ro\/en\/promovare-seo-prin-content-marketing\/","og_site_name":"DC Web Design","article_publisher":"https:\/\/www.facebook.com\/dcwebexperts\/","article_modified_time":"2025-11-07T10:32:15+00:00","og_image":[{"width":1000,"height":1000,"url":"https:\/\/dcwebdesign.ro\/wp-content\/uploads\/2020\/06\/dreamteam.jpg","type":"image\/jpeg"}],"twitter_card":"summary_large_image","twitter_misc":{"Estimated reading time":"3 minutes"},"schema":{"@context":"https:\/\/schema.org","@graph":[{"@type":"WebPage","@id":"https:\/\/dcwebdesign.ro\/promovare-seo-prin-content-marketing\/","url":"https:\/\/dcwebdesign.ro\/promovare-seo-prin-content-marketing\/","name":"DC Web Design - Promovare SEO prin Content Marketing","isPartOf":{"@id":"https:\/\/dcwebdesign.ro\/#website"},"datePublished":"2020-06-24T20:56:11+00:00","dateModified":"2025-11-07T10:32:15+00:00","description":"De 10 ani cream campanii de promovare SEO eficiente pentru clientii nostri. Vezi oferta noastra de promovare seo prin Content Marketing.","breadcrumb":{"@id":"https:\/\/dcwebdesign.ro\/promovare-seo-prin-content-marketing\/#breadcrumb"},"inLanguage":"en-GB","potentialAction":[{"@type":"ReadAction","target":["https:\/\/dcwebdesign.ro\/promovare-seo-prin-content-marketing\/"]}]},{"@type":"BreadcrumbList","@id":"https:\/\/dcwebdesign.ro\/promovare-seo-prin-content-marketing\/#breadcrumb","itemListElement":[{"@type":"ListItem","position":1,"name":"Prima pagin\u0103","item":"https:\/\/dcwebdesign.ro\/"},{"@type":"ListItem","position":2,"name":"Promovare SEO prin Content Marketing"}]},{"@type":"WebSite","@id":"https:\/\/dcwebdesign.ro\/#website","url":"https:\/\/dcwebdesign.ro\/","name":"DC Web Design","description":"Your full service web design agency.","publisher":{"@id":"https:\/\/dcwebdesign.ro\/#organization"},"potentialAction":[{"@type":"SearchAction","target":{"@type":"EntryPoint","urlTemplate":"https:\/\/dcwebdesign.ro\/?s={search_term_string}"},"query-input":{"@type":"PropertyValueSpecification","valueRequired":true,"valueName":"search_term_string"}}],"inLanguage":"en-GB"},{"@type":"Organization","@id":"https:\/\/dcwebdesign.ro\/#organization","name":"SC DC WEBEXPERTS SRL","url":"https:\/\/dcwebdesign.ro\/","logo":{"@type":"ImageObject","inLanguage":"en-GB","@id":"https:\/\/dcwebdesign.ro\/#\/schema\/logo\/image\/","url":"https:\/\/dcwebdesign.ro\/wp-content\/uploads\/2020\/04\/logomare.png","contentUrl":"https:\/\/dcwebdesign.ro\/wp-content\/uploads\/2020\/04\/logomare.png","width":838,"height":816,"caption":"SC DC WEBEXPERTS SRL"},"image":{"@id":"https:\/\/dcwebdesign.ro\/#\/schema\/logo\/image\/"},"sameAs":["https:\/\/www.facebook.com\/dcwebexperts\/","https:\/\/www.instagram.com\/dcwebdesign\/","https:\/\/www.linkedin.com\/company\/dc-web-design-agency\/","https:\/\/www.youtube.com\/channel\/UCpplVNydMH2OMlZgzoU-wYw"]}]}},"_links":{"self":[{"href":"https:\/\/dcwebdesign.ro\/en\/wp-json\/wp\/v2\/pages\/6744","targetHints":{"allow":["GET"]}}],"collection":[{"href":"https:\/\/dcwebdesign.ro\/en\/wp-json\/wp\/v2\/pages"}],"about":[{"href":"https:\/\/dcwebdesign.ro\/en\/wp-json\/wp\/v2\/types\/page"}],"author":[{"embeddable":true,"href":"https:\/\/dcwebdesign.ro\/en\/wp-json\/wp\/v2\/users\/1"}],"replies":[{"embeddable":true,"href":"https:\/\/dcwebdesign.ro\/en\/wp-json\/wp\/v2\/comments?post=6744"}],"version-history":[{"count":27,"href":"https:\/\/dcwebdesign.ro\/en\/wp-json\/wp\/v2\/pages\/6744\/revisions"}],"predecessor-version":[{"id":8779,"href":"https:\/\/dcwebdesign.ro\/en\/wp-json\/wp\/v2\/pages\/6744\/revisions\/8779"}],"wp:attachment":[{"href":"https:\/\/dcwebdesign.ro\/en\/wp-json\/wp\/v2\/media?parent=6744"}],"curies":[{"name":"wp","href":"https:\/\/api.w.org\/{rel}","templated":true}]}}