{"id":6764,"date":"2020-06-24T23:53:43","date_gmt":"2020-06-24T21:53:43","guid":{"rendered":"https:\/\/dcwebdesign.ro\/2020\/?page_id=6764"},"modified":"2021-06-02T15:47:03","modified_gmt":"2021-06-02T13:47:03","slug":"promovare-google-ads","status":"publish","type":"page","link":"https:\/\/dcwebdesign.ro\/en\/promovare-google-ads\/","title":{"rendered":"Google Ads"},"content":{"rendered":"<div id=\"rb_content_69e8bb79803b2\" class=\"rb_content_69e8bb79803b2 rb-content background_no_hover\" ><div class='rb_layer rb_stretch_row' data-vc-full-width='true' data-vc-full-width-init='false'><div style='background-image:url(&quot;https:\/\/dcwebdesign.ro\/wp-content\/uploads\/2019\/08\/645x666.png&quot;);\t\t\t\t\t\tright:0%;\t\t\t\t\t\t width:50% !important;\t\t\t\t\t\t background-size:initial;\t\t\t\t\t\t background-position:right top;\t\t\t\t\t\t background-repeat:no-repeat;\t\t\t\t\t\t\t\t\t\t\t\t margin: -80px 0px 0px;\t\t\t\t\t\t opacity: 1;\t\t\t\t\t'><\/div><\/div><div class='vc_row-full-width vc_clearfix'><\/div><div data-vc-full-width=\"true\" data-vc-full-width-init=\"false\" class=\"vc_row wpb_row vc_row-fluid vc_custom_1622640729638\"><div class=\"row_hover_effect\"><\/div><div id='rb_column_69e8bb798123a' class='rb_column_wrapper vc_col-sm-12'><div class=\"wpb_column vc_column_container vc_col-sm-12\"><div class=\"vc_column-inner\"><div class=\"wpb_wrapper\"><div class='rb_textmodule_69e8bb798187b rb_textmodule subtitle_aside align_left'><div class='subtitle-wrapper'><p class='rb_textmodule_subtitle'>Google Ads<\/p><\/div><div class='main-text-wrapper'><div class='rb_textmodule_content_wrapper'><p>The <a href=\"https:\/\/ads.google.com\">Google Ads<\/a> campaigns aim to place your sponsored ad at the top of Google search results. The cost of this Google-sponsored ad is based on the number of clicks on it.<\/p>\n<p>The role of the Google Ads Campaign Specialist is to optimize your cost-per-click based on your bid, as well as your keyword's Quality Scores based on your ad content, link page content, and user interaction with your ad.<\/p>\n<\/div><\/div><\/div><\/div><\/div><\/div><\/div><\/div><div class=\"vc_row-full-width vc_clearfix\"><\/div><\/div><div id=\"rb_content_69e8bb7982215\" class=\"rb_content_69e8bb7982215 rb-content background_no_hover\" ><div class='particles-wrapper' style=\"margin-top:-7%;\"><div id='particles-69e8bb79822ce' class='particles-js top_right'  data-color='#353535' data-size='170' data-count='1' data-speed='2' data-hide='767' data-shape='image' data-mode='bounce' data-image-url='https:\/\/dcwebdesign.ro\/wp-content\/uploads\/2019\/08\/424x332-150x150.png' data-image-width='150' data-image-height='150' style='width:50%;height:30%;'><\/div><\/div><div class='vc_row-full-width vc_clearfix'><\/div><div data-vc-full-width=\"true\" data-vc-full-width-init=\"false\" class=\"vc_row wpb_row vc_row-fluid vc_custom_1572263144421 vc_row-has-fill\"><div class=\"row_hover_effect\"><\/div><div id='rb_column_69e8bb7982c05' class='rb_column_wrapper vc_col-sm-12'><div class=\"wpb_column vc_column_container vc_col-sm-12\"><div class=\"vc_column-inner\"><div class=\"wpb_wrapper\"><div class='rb_textmodule_69e8bb7982f2d rb_textmodule subtitle_aside align_left'><div class='subtitle-wrapper'><p class='rb_textmodule_subtitle'>sell fast<\/p><\/div><div class='main-text-wrapper'><h3 class='rb_textmodule_title'>Start sales quickly: in just 3 days!<\/h3><div class='rb_textmodule_content_wrapper'><p>Google Ads campaigns have the advantage of quickly placing your site's ad in the top of Google results.<\/p>\n<\/div><\/div><\/div><div id='rb_inner_row_69e8bb798342f' class='rb_inner_row_wrapper'><\/div><\/div><\/div><\/div><\/div><\/div><div class=\"vc_row-full-width vc_clearfix\"><\/div><\/div><div id=\"rb_content_69e8bb798362c\" class=\"rb_content_69e8bb798362c rb-content background_no_hover\" ><div class='particles-wrapper' style=\"margin-top:-10%;\"><div id='particles-69e8bb7983695' class='particles-js top_center'  data-color='#353535' data-size='60' data-count='1' data-speed='2' data-hide='767' data-shape='image' data-mode='bounce' data-image-url='https:\/\/dcwebdesign.ro\/wp-content\/uploads\/2019\/08\/195x185-1-150x150.png' data-image-width='150' data-image-height='150' style='width:40%;height:30%;'><\/div><\/div><div class='vc_row-full-width vc_clearfix'><\/div><div data-vc-full-width=\"true\" data-vc-full-width-init=\"false\" class=\"vc_row wpb_row vc_row-fluid vc_custom_1593035395741 vc_row-o-content-middle vc_row-flex\"><div class=\"row_hover_effect\"><\/div><div id='rb_column_69e8bb798403d' class='rb_column_wrapper vc_col-sm-12 vc_col-lg-6 vc_col-md-6'><div class=\"wpb_column vc_column_container vc_col-sm-12 vc_col-lg-6 vc_col-md-6\"><div class=\"vc_column-inner vc_custom_1572505670297\"><div class=\"wpb_wrapper\"><div class='rb_textmodule_69e8bb79842ea rb_textmodule subtitle_aside align_left'><div class='subtitle-wrapper'><p class='rb_textmodule_subtitle'>our offer<\/p><\/div><div class='main-text-wrapper'><h3 class='rb_textmodule_title'>Google Ads Packages<\/h3><div class='rb_textmodule_content_wrapper'><ul>\n<li>Campaign setup and analysis on 3 keyword groups<\/li>\n<li>Create 3 ads for each group<\/li>\n<li>Optimize your keyword's Quality Score<\/li>\n<li>Cost optimization on each keyword<\/li>\n<li>Daily monitoring during working hours<\/li>\n<li>Conversion tracking for contact form or phone number<\/li>\n<li>Unlimited reports on demand<\/li>\n<\/ul>\n\n<\/div><div class='rb_button_wrapper default'><a href='\/en\/contact\/' class='rb_textmodule_button rb_button medium'>Ask for offer<\/a><\/div><\/div><\/div><\/div><\/div><\/div><\/div><div class=\"row_hover_effect\"><\/div><div id='rb_column_69e8bb7984998' class='rb_column_wrapper vc_col-sm-12 vc_col-lg-6 vc_col-md-6'><div class=\"wpb_column vc_column_container vc_col-sm-12 vc_col-lg-6 vc_col-md-6\"><div class=\"vc_column-inner\"><div class=\"wpb_wrapper\"><div id='rb_image_69e8bb7984c86' class='rb_image_module background_3d'  data-max_tilt=\"10\" data-perspective=\"1000\" data-scale=\"1\" data-speed=\"300\"><div class=\"main_image\"><img decoding=\"async\" src=\"https:\/\/dcwebdesign.ro\/wp-content\/uploads\/2020\/06\/optimizare-seo.jpg\" alt=\"Optimizare SEO\" \/><\/div><\/div><\/div><\/div><\/div><\/div><\/div><div class=\"vc_row-full-width vc_clearfix\"><\/div><\/div>","protected":false},"excerpt":{"rendered":"Google AdsCampanile Google Ads au scopul de a-\u021bi pozi\u021biona anun\u021bul sponsorizat \u00een v\u00e2rful rezultatelor c\u0103ut\u0103rilor ce se realizeaz\u0103 \u00een Google. Costul apari\u021biei acestui anun\u021b sponsorizat \u00een Google, este dat de num\u0103rul de click-uri care se dau pe el. Specialistul care administreaz\u0103 o campanie Google Ads are rolul de a optimiza costul per click \u00een func\u021bie [...]","protected":false},"author":1,"featured_media":0,"parent":0,"menu_order":0,"comment_status":"closed","ping_status":"closed","template":"","meta":{"footnotes":""},"class_list":["post-6764","page","type-page","status-publish","hentry"],"yoast_head":"<!-- This site is optimized with the Yoast SEO plugin v27.4 - https:\/\/yoast.com\/product\/yoast-seo-wordpress\/ -->\n<title>DC Web Design - Campanii promovare site Google Ads<\/title>\n<meta name=\"description\" content=\"O campanie de promovare online prin Google Ads iti va aduce rapid clienti pentru produsele sau serviciile tale. Vezi oferta noastra.\" \/>\n<meta name=\"robots\" content=\"index, follow, max-snippet:-1, max-image-preview:large, max-video-preview:-1\" \/>\n<link rel=\"canonical\" href=\"https:\/\/dcwebdesign.ro\/en\/promovare-google-ads\/\" \/>\n<meta property=\"og:locale\" content=\"en_GB\" \/>\n<meta property=\"og:type\" content=\"article\" \/>\n<meta property=\"og:title\" content=\"DC Web Design - Campanii promovare site Google Ads\" \/>\n<meta property=\"og:description\" content=\"O campanie de promovare online prin Google Ads iti va aduce rapid clienti pentru produsele sau serviciile tale. Vezi oferta noastra.\" \/>\n<meta property=\"og:url\" content=\"https:\/\/dcwebdesign.ro\/en\/promovare-google-ads\/\" \/>\n<meta property=\"og:site_name\" content=\"DC Web Design\" \/>\n<meta property=\"article:publisher\" content=\"https:\/\/www.facebook.com\/dcwebexperts\/\" \/>\n<meta property=\"article:modified_time\" content=\"2021-06-02T13:47:03+00:00\" \/>\n<meta property=\"og:image\" content=\"https:\/\/dcwebdesign.ro\/wp-content\/uploads\/2020\/06\/dreamteam.jpg\" \/>\n\t<meta property=\"og:image:width\" content=\"1000\" \/>\n\t<meta property=\"og:image:height\" content=\"1000\" \/>\n\t<meta property=\"og:image:type\" content=\"image\/jpeg\" \/>\n<meta name=\"twitter:card\" content=\"summary_large_image\" \/>\n<meta name=\"twitter:label1\" content=\"Estimated reading time\" \/>\n\t<meta name=\"twitter:data1\" content=\"2 minutes\" \/>\n<script type=\"application\/ld+json\" class=\"yoast-schema-graph\">{\"@context\":\"https:\\\/\\\/schema.org\",\"@graph\":[{\"@type\":\"WebPage\",\"@id\":\"https:\\\/\\\/dcwebdesign.ro\\\/promovare-google-ads\\\/\",\"url\":\"https:\\\/\\\/dcwebdesign.ro\\\/promovare-google-ads\\\/\",\"name\":\"DC Web Design - Campanii promovare site Google Ads\",\"isPartOf\":{\"@id\":\"https:\\\/\\\/dcwebdesign.ro\\\/#website\"},\"datePublished\":\"2020-06-24T21:53:43+00:00\",\"dateModified\":\"2021-06-02T13:47:03+00:00\",\"description\":\"O campanie de promovare online prin Google Ads iti va aduce rapid clienti pentru produsele sau serviciile tale. Vezi oferta noastra.\",\"breadcrumb\":{\"@id\":\"https:\\\/\\\/dcwebdesign.ro\\\/promovare-google-ads\\\/#breadcrumb\"},\"inLanguage\":\"en-GB\",\"potentialAction\":[{\"@type\":\"ReadAction\",\"target\":[\"https:\\\/\\\/dcwebdesign.ro\\\/promovare-google-ads\\\/\"]}]},{\"@type\":\"BreadcrumbList\",\"@id\":\"https:\\\/\\\/dcwebdesign.ro\\\/promovare-google-ads\\\/#breadcrumb\",\"itemListElement\":[{\"@type\":\"ListItem\",\"position\":1,\"name\":\"Prima pagin\u0103\",\"item\":\"https:\\\/\\\/dcwebdesign.ro\\\/\"},{\"@type\":\"ListItem\",\"position\":2,\"name\":\"Promovare Google Ads\"}]},{\"@type\":\"WebSite\",\"@id\":\"https:\\\/\\\/dcwebdesign.ro\\\/#website\",\"url\":\"https:\\\/\\\/dcwebdesign.ro\\\/\",\"name\":\"DC Web Design\",\"description\":\"Agentia ta web full service\",\"publisher\":{\"@id\":\"https:\\\/\\\/dcwebdesign.ro\\\/#organization\"},\"potentialAction\":[{\"@type\":\"SearchAction\",\"target\":{\"@type\":\"EntryPoint\",\"urlTemplate\":\"https:\\\/\\\/dcwebdesign.ro\\\/?s={search_term_string}\"},\"query-input\":{\"@type\":\"PropertyValueSpecification\",\"valueRequired\":true,\"valueName\":\"search_term_string\"}}],\"inLanguage\":\"en-GB\"},{\"@type\":\"Organization\",\"@id\":\"https:\\\/\\\/dcwebdesign.ro\\\/#organization\",\"name\":\"SC DC WEBEXPERTS SRL\",\"url\":\"https:\\\/\\\/dcwebdesign.ro\\\/\",\"logo\":{\"@type\":\"ImageObject\",\"inLanguage\":\"en-GB\",\"@id\":\"https:\\\/\\\/dcwebdesign.ro\\\/#\\\/schema\\\/logo\\\/image\\\/\",\"url\":\"https:\\\/\\\/dcwebdesign.ro\\\/wp-content\\\/uploads\\\/2020\\\/04\\\/logomare.png\",\"contentUrl\":\"https:\\\/\\\/dcwebdesign.ro\\\/wp-content\\\/uploads\\\/2020\\\/04\\\/logomare.png\",\"width\":838,\"height\":816,\"caption\":\"SC DC WEBEXPERTS SRL\"},\"image\":{\"@id\":\"https:\\\/\\\/dcwebdesign.ro\\\/#\\\/schema\\\/logo\\\/image\\\/\"},\"sameAs\":[\"https:\\\/\\\/www.facebook.com\\\/dcwebexperts\\\/\",\"https:\\\/\\\/www.instagram.com\\\/dcwebdesign\\\/\",\"https:\\\/\\\/www.linkedin.com\\\/company\\\/dc-web-design-agency\\\/\",\"https:\\\/\\\/www.youtube.com\\\/channel\\\/UCpplVNydMH2OMlZgzoU-wYw\"]}]}<\/script>\n<!-- \/ Yoast SEO plugin. -->","yoast_head_json":{"title":"DC Web Design - Campanii promovare site Google Ads","description":"O campanie de promovare online prin Google Ads iti va aduce rapid clienti pentru produsele sau serviciile tale. Vezi oferta noastra.","robots":{"index":"index","follow":"follow","max-snippet":"max-snippet:-1","max-image-preview":"max-image-preview:large","max-video-preview":"max-video-preview:-1"},"canonical":"https:\/\/dcwebdesign.ro\/en\/promovare-google-ads\/","og_locale":"en_GB","og_type":"article","og_title":"DC Web Design - Campanii promovare site Google Ads","og_description":"O campanie de promovare online prin Google Ads iti va aduce rapid clienti pentru produsele sau serviciile tale. Vezi oferta noastra.","og_url":"https:\/\/dcwebdesign.ro\/en\/promovare-google-ads\/","og_site_name":"DC Web Design","article_publisher":"https:\/\/www.facebook.com\/dcwebexperts\/","article_modified_time":"2021-06-02T13:47:03+00:00","og_image":[{"width":1000,"height":1000,"url":"https:\/\/dcwebdesign.ro\/wp-content\/uploads\/2020\/06\/dreamteam.jpg","type":"image\/jpeg"}],"twitter_card":"summary_large_image","twitter_misc":{"Estimated reading time":"2 minutes"},"schema":{"@context":"https:\/\/schema.org","@graph":[{"@type":"WebPage","@id":"https:\/\/dcwebdesign.ro\/promovare-google-ads\/","url":"https:\/\/dcwebdesign.ro\/promovare-google-ads\/","name":"DC Web Design - Campanii promovare site Google Ads","isPartOf":{"@id":"https:\/\/dcwebdesign.ro\/#website"},"datePublished":"2020-06-24T21:53:43+00:00","dateModified":"2021-06-02T13:47:03+00:00","description":"O campanie de promovare online prin Google Ads iti va aduce rapid clienti pentru produsele sau serviciile tale. Vezi oferta noastra.","breadcrumb":{"@id":"https:\/\/dcwebdesign.ro\/promovare-google-ads\/#breadcrumb"},"inLanguage":"en-GB","potentialAction":[{"@type":"ReadAction","target":["https:\/\/dcwebdesign.ro\/promovare-google-ads\/"]}]},{"@type":"BreadcrumbList","@id":"https:\/\/dcwebdesign.ro\/promovare-google-ads\/#breadcrumb","itemListElement":[{"@type":"ListItem","position":1,"name":"Prima pagin\u0103","item":"https:\/\/dcwebdesign.ro\/"},{"@type":"ListItem","position":2,"name":"Promovare Google Ads"}]},{"@type":"WebSite","@id":"https:\/\/dcwebdesign.ro\/#website","url":"https:\/\/dcwebdesign.ro\/","name":"DC Web Design","description":"Your full service web design agency.","publisher":{"@id":"https:\/\/dcwebdesign.ro\/#organization"},"potentialAction":[{"@type":"SearchAction","target":{"@type":"EntryPoint","urlTemplate":"https:\/\/dcwebdesign.ro\/?s={search_term_string}"},"query-input":{"@type":"PropertyValueSpecification","valueRequired":true,"valueName":"search_term_string"}}],"inLanguage":"en-GB"},{"@type":"Organization","@id":"https:\/\/dcwebdesign.ro\/#organization","name":"SC DC WEBEXPERTS SRL","url":"https:\/\/dcwebdesign.ro\/","logo":{"@type":"ImageObject","inLanguage":"en-GB","@id":"https:\/\/dcwebdesign.ro\/#\/schema\/logo\/image\/","url":"https:\/\/dcwebdesign.ro\/wp-content\/uploads\/2020\/04\/logomare.png","contentUrl":"https:\/\/dcwebdesign.ro\/wp-content\/uploads\/2020\/04\/logomare.png","width":838,"height":816,"caption":"SC DC WEBEXPERTS SRL"},"image":{"@id":"https:\/\/dcwebdesign.ro\/#\/schema\/logo\/image\/"},"sameAs":["https:\/\/www.facebook.com\/dcwebexperts\/","https:\/\/www.instagram.com\/dcwebdesign\/","https:\/\/www.linkedin.com\/company\/dc-web-design-agency\/","https:\/\/www.youtube.com\/channel\/UCpplVNydMH2OMlZgzoU-wYw"]}]}},"_links":{"self":[{"href":"https:\/\/dcwebdesign.ro\/en\/wp-json\/wp\/v2\/pages\/6764","targetHints":{"allow":["GET"]}}],"collection":[{"href":"https:\/\/dcwebdesign.ro\/en\/wp-json\/wp\/v2\/pages"}],"about":[{"href":"https:\/\/dcwebdesign.ro\/en\/wp-json\/wp\/v2\/types\/page"}],"author":[{"embeddable":true,"href":"https:\/\/dcwebdesign.ro\/en\/wp-json\/wp\/v2\/users\/1"}],"replies":[{"embeddable":true,"href":"https:\/\/dcwebdesign.ro\/en\/wp-json\/wp\/v2\/comments?post=6764"}],"version-history":[{"count":12,"href":"https:\/\/dcwebdesign.ro\/en\/wp-json\/wp\/v2\/pages\/6764\/revisions"}],"predecessor-version":[{"id":7349,"href":"https:\/\/dcwebdesign.ro\/en\/wp-json\/wp\/v2\/pages\/6764\/revisions\/7349"}],"wp:attachment":[{"href":"https:\/\/dcwebdesign.ro\/en\/wp-json\/wp\/v2\/media?parent=6764"}],"curies":[{"name":"wp","href":"https:\/\/api.w.org\/{rel}","templated":true}]}}