{"id":6904,"date":"2020-08-10T10:26:31","date_gmt":"2020-08-10T08:26:31","guid":{"rendered":"https:\/\/dcwebdesign.ro\/?page_id=6904"},"modified":"2024-05-21T16:50:44","modified_gmt":"2024-05-21T14:50:44","slug":"termeni-si-conditii","status":"publish","type":"page","link":"https:\/\/dcwebdesign.ro\/en\/termeni-si-conditii\/","title":{"rendered":"Terms and conditions"},"content":{"rendered":"<div class=\"itemIntroText\">\n<p><u><a href=\"https:\/\/web.archive.org\/web\/20190405054829\/http:\/\/www.dcwebdesign.ro\/\">www.DCWEBDESIGN.ro<\/a><\/u> \u00a0sau DC WEB DESIGN AGENCY este denumirea comercial\u0103 a\u00a0<strong>S.C DC WEBEXPERTS S.R.L.<\/strong> persoan\u0103 juridic\u0103 de na\u021bionalitate rom\u00e2n\u0103, av\u00e2nd sediul \u00een Bulevardul Hristo Botev nr. 1, etaj 6. camera 613, Sector 3, Rom\u00e2nia, CUI 35463695, Nr. inregistrare J40-758-2016.<\/p>\n<p>Navigarea pe site-ul\u00a0<u><a href=\"https:\/\/web.archive.org\/web\/20190405054829\/http:\/\/www.dcwebdesign.ro\/\">www.dcwebdesign.ro<\/a><\/u> reprezint\u0103 acordul dumneavoastra cu termenii \u0219i condi\u021biile de mai jos:<\/p>\n<p><strong>1. Informa\u021bii personale<\/strong><br \/>\nSunte\u021bi de acord ca furnizarea datelor personale de catre dvs. se face prin completarea formularului de contact din site. In lipsa completarii acestui formular site-ul DCWEBDESIGN.ro nu stocheaza sau prelucreaza datele dvs.<\/p>\n<p><strong>2. Securitatea datelor personale<\/strong><br \/>\nDatele dumneavoastr\u0103 personale vor putea fi utilizate de catre<strong>\u00a0S.C. DC WEBEXPERTS S.R.L.<\/strong>\u00a0pentru a va contacta inapoi, prin e-mail, posta\u00a0sau telefonic.<br \/>\nDatele dumneavoastr\u0103 personale vor putea fi transmise autorit\u0103\u021bilor \u00een drept cu scopul verific\u0103rii tranzac\u021biilor comerciale sau altor autorit\u0103\u021bi \u00een drept pentru efectuarea oricaror verific\u0103ri justificate \u00een baza legii.<br \/>\nDatele furnizate de c\u0103tre clien\u021bi sunt strict confiden\u021biale.\u00a0<strong>S.C. DC WEBEXPERTS S.R.L.<\/strong>\u00a0se angajeaz\u0103\u00a0\u00een fata clien\u021bilor s\u0103i s\u0103 nu furnizeze aceste date unor ter\u021be persoane sau companii \u0219i s\u0103 le utilizeze strict pentru uzul rela\u021biei de afaceri dintre client\/vizitator \u0219i<strong>\u00a0S.C. DC WEBEXPERTS S.R.L..<\/strong><br \/>\nAcest site folose\u0219te m\u0103suri de securitate \u00eempotriva pierderii, alter\u0103rii sau folosirii gre\u0219ite a informa\u021biilor care se afl\u0103\u00a0\u00een controlul nostru.<br \/>\n<strong>S.C. DC WEBEXPERTS S.R.L.<\/strong>\u00a0se oblig\u0103 s\u0103 respecte drepturile dumneavoastr\u0103 conferite de Legea 677\/2001, iar la cererea dumneavoastr\u0103 trimis\u0103 la adresa\u00a0<strong><span id=\"cloak02a1b2c5f8c1ad1dd706232200287624\"><a href=\"mailto:office@dcwebdesign.ro\">office@dcwebdesign.ro<\/a><\/span><\/strong>, se oblig\u0103: s\u0103 rectifice, actualizeze, blocheze, \u0219tearg\u0103 sau transforme \u00een date anonime, \u00een mod gratuit, datele a caror prelucrare nu este conform\u0103 dispozi\u021biilor Legii nr. 677\/2001 privind protec\u021bia persoanelor cu privire la prelucrarea datelor cu caracter personal \u0219i libera circula\u021bie a acestor date; s\u0103\u00a0\u00eenceteze prelucrarea datelor dumneavoastr\u0103 personale.<br \/>\n<strong>S.C. DC WEBEXPERTS S.R.L.<\/strong>\u00a0certific\u0103 faptul c\u0103 va respecta drepturile conferite de Legea nr. 677\/2001 privind protec\u021bia persoanelor cu privire la prelucrarea datelor cu caracter personal \u0219i libera circula\u021bie a acestor date, a Legii nr. 365\/2002 privind comer\u021bul electronic, precum a Ordonan\u021bei nr. 130\/2000 privind protec\u021bia consumatorilor la \u00eencheierea \u0219i executarea contractelor la distan\u021b\u0103 cu modificarile ulterioare. Printre aceste drepturi se numar\u0103 (enumerarea neav\u00e2nd un caracter limitativ):<br \/>\na. dreptul de a cere\u00a0<strong>S.C. DC WEBEXPERTS S.R.L.<\/strong>\u00a0s\u0103 v\u0103 confirme dac\u0103 prelucreaz\u0103 sau nu datele dumneavoastr\u0103 personale, \u00een mod gratuit pentru o solicitare pe an;<br \/>\nb. dreptul de a cere\u00a0<strong>S.C. DC WEBEXPERTS S.R.L.<\/strong>\u00a0s\u0103 rectifice, actualizeze, blocheze sau\u00a0\u0219terge, \u00een mod gratuit, acele date furnizate a c\u0103ror prelucrare nu este conform\u0103 dispozi\u021biilor Legii nr. 677\/2001;<br \/>\nc. dreptul de a cere\u00a0<strong>S.C. DC WEBEXPERTS S.R.L.<\/strong>\u00a0s\u0103\u00a0\u00eenceteze, \u00een mod gratuit, prelucrarea datelor sale personale;<\/p>\n<p><strong>3. Copyright<\/strong><br \/>\n\u00centregul con\u021binut al site-ului www.dcwebdesign.ro\u00a0 \u2013 imagini, texte, grafice, simboluri, elemente de grafic\u0103 web, scripturi, programe \u0219i alte date \u2013 este proprietatea\u00a0<strong>S.C. DC WEBEXPERTS S.R.L.<\/strong>\u00a0\u0219i a furnizorilor s\u0103i \u0219i este ap\u0103rat de legea pentru protec\u021bia drepturilor de autor \u0219i de legile privind proprietatea intelectual\u0103\u00a0\u0219i industrial\u0103. Folosirea f\u0103r\u0103 acordul\u00a0<strong>S.C. DC WEBEXPERTS S.R.L. <\/strong>a oric\u0103ror elemente enumerate mai sus se pedepse\u0219te conform legilor \u00een vigoare.<\/p>\n<p><strong>4. Accesul la site<\/strong><br \/>\n<strong>S.C. DC WEBEXPERTS S.R.L.<\/strong>\u00a0garanteaz\u0103 utilizatorului acces limitat, \u00een interes personal, pe acest site \u0219i nu \u00eei confer\u0103 dreptul de a descarca sau de a modifica par\u021bial sau integral site-ul, de a reproduce par\u021bial sau integral site-ul, de a copia, de a vinde\/revinde sau de a exploata site-ul \u00een orice alta maniera, \u00een scopuri comerciale sau contrare intereselor companiei\u00a0<strong>S.C. DC WEBEXPERTS S.R.L.<\/strong>\u00a0f\u0103r\u0103 acordul scris prealabil al acesteia.<\/p>\n<p><strong>5. Descrierea serviciilor \/ produselor<\/strong><br \/>\nServiciile informatice prezentate de catre <strong>S.C. DC WEBEXPERTS S.R.L.<\/strong>\u00a0sunt cu caracter informativ si nu pot fi achizitionate in mod direct de pe site. Ele se discuta si negociaza cu fiecare client in parte. Serviciile informatice sunt prestate in baza unui contract de colaborare in care acestea sunt detaliate in intregime.<\/p>\n<p><strong>6. Pret<\/strong><br \/>\nLa preturile prezentate nu se aplica TVA, <strong>S.C. DC WEBEXPERTS S.R.L.<\/strong>\u00a0fiind o firma neplatitoare de TVA.<br \/>\nPreturile in Euro sunt pur informative si ele sunt transformate in lei, la cursul BNR, in momentul inceperii colaborarii.<\/p>\n<p><strong>7. Plata serviciilor<\/strong><br \/>\nPlata serviciilor se face in urma semnarii contractului de colaborare si agrearii conditiilor de lucru. Modalitatea de plata este prin transfer bancar, in baza facturii emise si in contul <strong>S.C. DC WEBEXPERTS S.R.L, <\/strong>deschis la <strong>ING BANK<\/strong> sucursala 13 Septembrie: RO19INGB0000999905613086.<\/p>\n<p><strong>9. Litigii<\/strong><br \/>\nOrice litigiu ap\u0103rut in leg\u0103tur\u0103 cu utilizarea acestui serviciu va fi rezolvat pe cale amiabil\u0103.<br \/>\n\u00cen cazul \u00een care nu s-a reu\u0219it stingerea conflictului pe cale amiabil\u0103, competen\u021ba revine instantelor de judecat\u0103 rom\u00e2ne.<br \/>\nFiind de acord cu aceste Termene \u0219i Condi\u021bii, clientul \u00ee\u0219i asum\u0103 \u00een totalitate aceste riscuri.<\/p>\n<p><strong>10. Termene de livrare a serviciilor<\/strong><br \/>\nTermenele de livrare a serviciilor se discuta pentru fiecare cerere in parte si sunt cuprinse in contractul de prestari servicii.<\/p>\n<p><strong>11. Securitatea datelor personale si a informatiilor<\/strong><br \/>\nDatele personale introduse de catre cumparator vor fi folosite de SC DC WEB EXPERTS SRL numai in scopul declarat al acestui site. Informatiile din formularul de contact sunt necesare pentru a va raspunde solicitarilor.<br \/>\nSocietatea garanteaza confidentialitatea tuturor informatiilor. Aceste date nu exista fizic pe serverele care ruleaza site-ul www.dcwebdesign.ro, ele fiind accesibile numai de catre personalul autorizat al SC DC WEB EXPERTS SRL prin reteaua interna.<\/p>\n<p>Site-ul www.dcwebdesign.ro foloseste masuri de securitate impotriva pierderii, alterarii sau folosirii gresite a informatiilor care se afla in controlul societatii. In cazul pierderii de informatii cauzate de \u201ebug\u201d-uri sau erori ale softului cu care este conceput si gazduit site-ului www.dcwebdesign.ro, SC DC WEB EXPERTS SRL nu-si asuma nici o responsabilitate.<\/p>\n<p><strong>12. Acest site foloseste cookies<\/strong><br \/>\nDCWEBDESIGN.ro foloseste diverse tehnologii (module de tip cookie) pentru a colecta, stoca si prelucra informatii atunci cand accesati acest site. Cookie (\u201cbrowser cookie\u201d sau \u201cHTTP cookie\u201d) este un fisier de mici dimensiuni, format din litere si numere, care este stocat pe orice terminal cu acces la internet (computer, telefon mobil, tableta etc.) si este instalat prin solicitara emisa de catre un web-server unui browser (ex: Internet Explorer, Chrome).\u201dCookie\u201d-urile nu contin programe software, virusi sau spyware si nu poate accesa informatiile de pe hard drive-ul utilizatorului. Cookie-urile nu solicita informatii cu caracter personal si nu identifica personal utilizatorii de internet. Prin navigarea pe acest site, va exprimati acordul asupra folosirii cookie-urilor.<br \/>\n<strong>13. Cookie-uri folosite<\/strong><br \/>\nSite-ul www.dcwebdesign.ro foloseste doua tipuri de Cookie-uri: per sesiune si fixe. Cookie-urile fixe sunt fisiere ce raman pe terminalul utilizatorului pana ce sunt sterse manual de catre utilizator sau expira perioada setata in parametri.<br \/>\nCookie-urile per sesiune sunt fisiere temporare ce raman pe terminalul utilizatorului pana ce expira sesiunea sau este inchis browserul.<br \/>\n<strong>Cookie-urile de performanta<\/strong><br \/>\nAceste tip de Cookie nu colecteaza date despre dvs. el este folosit pentru a colecta informatii despre modul de utilizare al site-ului , paginile cel mai frecvent utilizate, etc.<br \/>\n<strong>Cookie-uri pentru analiza vizitatorilor<\/strong><br \/>\nAcesta permite monitorizarea utilizatorilor unici care ne viziteaza si cat de des o fac. Atat timp cat nu sunteti inregistrat pe acest site, acest cookie nu poate fi folosit pentru a identifica persoanele fizice, ele sunt folosite doar in scop statistic.<br \/>\n<strong>Ce tip de informatii sunt stocate si accesate prin intermediul cookie-urilor?<\/strong><br \/>\nCookie-urile pastreaza informatii intr-un fisier text de mici dimensiuni care permit unui site web sa recunoasca un browser.<br \/>\nWebserverul va recunoaste browserul pana cand cookie-ul expira sau este sters. Cookie-ul stocheaza informatii importante care imbunatatesc experienta de navigare pe Internet (ex: setarile limbii in care se doreste accesarea unui site, pastrarea unui user logat etc.)<\/p>\n<p><strong>14. DCWEBDESIGN.ro foloseste o conexiune securizata\u00a0\u00a0\u00a0\u00a0\u00a0\u00a0\u00a0\u00a0\u00a0\u00a0\u00a0 <\/strong><br \/>\nCertificatul SSL (https) instalat pe acest domeniu web asigura siguranta navigarii si reduce riscul la vulnerabilitati.<\/p>\n<\/div>","protected":false},"excerpt":{"rendered":"<p>www.DCWEBDESIGN.ro \u00a0sau DC WEB DESIGN AGENCY este denumirea comercial\u0103 a\u00a0S.C DC WEBEXPERTS S.R.L. persoan\u0103 juridic\u0103 de na\u021bionalitate rom\u00e2n\u0103, av\u00e2nd sediul \u00een Bulevardul Hristo Botev nr. 1, etaj 6. camera 613, Sector 3, Rom\u00e2nia, CUI 35463695, Nr. inregistrare J40-758-2016. Navigarea pe site-ul\u00a0www.dcwebdesign.ro reprezint\u0103 acordul dumneavoastra cu termenii \u0219i condi\u021biile de mai jos: 1. Informa\u021bii personale Sunte\u021bi [&hellip;]<\/p>\n","protected":false},"author":1,"featured_media":0,"parent":0,"menu_order":0,"comment_status":"closed","ping_status":"closed","template":"","meta":{"footnotes":""},"class_list":["post-6904","page","type-page","status-publish","hentry"],"yoast_head":"<!-- This site is optimized with the Yoast SEO plugin v27.3 - https:\/\/yoast.com\/product\/yoast-seo-wordpress\/ -->\n<title>Termeni si conditii - DC Web Design<\/title>\n<meta name=\"robots\" content=\"index, follow, max-snippet:-1, max-image-preview:large, max-video-preview:-1\" \/>\n<link rel=\"canonical\" href=\"https:\/\/dcwebdesign.ro\/en\/termeni-si-conditii\/\" \/>\n<meta property=\"og:locale\" content=\"en_GB\" \/>\n<meta property=\"og:type\" content=\"article\" \/>\n<meta property=\"og:title\" content=\"Termeni si conditii - DC Web Design\" \/>\n<meta property=\"og:description\" content=\"www.DCWEBDESIGN.ro \u00a0sau DC WEB DESIGN AGENCY este denumirea comercial\u0103 a\u00a0S.C DC WEBEXPERTS S.R.L. persoan\u0103 juridic\u0103 de na\u021bionalitate rom\u00e2n\u0103, av\u00e2nd sediul \u00een Bulevardul Hristo Botev nr. 1, etaj 6. camera 613, Sector 3, Rom\u00e2nia, CUI 35463695, Nr. inregistrare J40-758-2016. Navigarea pe site-ul\u00a0www.dcwebdesign.ro reprezint\u0103 acordul dumneavoastra cu termenii \u0219i condi\u021biile de mai jos: 1. Informa\u021bii personale Sunte\u021bi [&hellip;]\" \/>\n<meta property=\"og:url\" content=\"https:\/\/dcwebdesign.ro\/en\/termeni-si-conditii\/\" \/>\n<meta property=\"og:site_name\" content=\"DC Web Design\" \/>\n<meta property=\"article:publisher\" content=\"https:\/\/www.facebook.com\/dcwebexperts\/\" \/>\n<meta property=\"article:modified_time\" content=\"2024-05-21T14:50:44+00:00\" \/>\n<meta property=\"og:image\" content=\"https:\/\/dcwebdesign.ro\/wp-content\/uploads\/2020\/06\/dreamteam.jpg\" \/>\n\t<meta property=\"og:image:width\" content=\"1000\" \/>\n\t<meta property=\"og:image:height\" content=\"1000\" \/>\n\t<meta property=\"og:image:type\" content=\"image\/jpeg\" \/>\n<meta name=\"twitter:card\" content=\"summary_large_image\" \/>\n<meta name=\"twitter:label1\" content=\"Estimated reading time\" \/>\n\t<meta name=\"twitter:data1\" content=\"7 minutes\" \/>\n<script type=\"application\/ld+json\" class=\"yoast-schema-graph\">{\"@context\":\"https:\\\/\\\/schema.org\",\"@graph\":[{\"@type\":\"WebPage\",\"@id\":\"https:\\\/\\\/dcwebdesign.ro\\\/termeni-si-conditii\\\/\",\"url\":\"https:\\\/\\\/dcwebdesign.ro\\\/termeni-si-conditii\\\/\",\"name\":\"Termeni si conditii - DC Web Design\",\"isPartOf\":{\"@id\":\"https:\\\/\\\/dcwebdesign.ro\\\/#website\"},\"datePublished\":\"2020-08-10T08:26:31+00:00\",\"dateModified\":\"2024-05-21T14:50:44+00:00\",\"breadcrumb\":{\"@id\":\"https:\\\/\\\/dcwebdesign.ro\\\/termeni-si-conditii\\\/#breadcrumb\"},\"inLanguage\":\"en-GB\",\"potentialAction\":[{\"@type\":\"ReadAction\",\"target\":[\"https:\\\/\\\/dcwebdesign.ro\\\/termeni-si-conditii\\\/\"]}]},{\"@type\":\"BreadcrumbList\",\"@id\":\"https:\\\/\\\/dcwebdesign.ro\\\/termeni-si-conditii\\\/#breadcrumb\",\"itemListElement\":[{\"@type\":\"ListItem\",\"position\":1,\"name\":\"Prima pagin\u0103\",\"item\":\"https:\\\/\\\/dcwebdesign.ro\\\/\"},{\"@type\":\"ListItem\",\"position\":2,\"name\":\"Termeni si conditii\"}]},{\"@type\":\"WebSite\",\"@id\":\"https:\\\/\\\/dcwebdesign.ro\\\/#website\",\"url\":\"https:\\\/\\\/dcwebdesign.ro\\\/\",\"name\":\"DC Web Design\",\"description\":\"Agentia ta web full service\",\"publisher\":{\"@id\":\"https:\\\/\\\/dcwebdesign.ro\\\/#organization\"},\"potentialAction\":[{\"@type\":\"SearchAction\",\"target\":{\"@type\":\"EntryPoint\",\"urlTemplate\":\"https:\\\/\\\/dcwebdesign.ro\\\/?s={search_term_string}\"},\"query-input\":{\"@type\":\"PropertyValueSpecification\",\"valueRequired\":true,\"valueName\":\"search_term_string\"}}],\"inLanguage\":\"en-GB\"},{\"@type\":\"Organization\",\"@id\":\"https:\\\/\\\/dcwebdesign.ro\\\/#organization\",\"name\":\"SC DC WEBEXPERTS SRL\",\"url\":\"https:\\\/\\\/dcwebdesign.ro\\\/\",\"logo\":{\"@type\":\"ImageObject\",\"inLanguage\":\"en-GB\",\"@id\":\"https:\\\/\\\/dcwebdesign.ro\\\/#\\\/schema\\\/logo\\\/image\\\/\",\"url\":\"https:\\\/\\\/dcwebdesign.ro\\\/wp-content\\\/uploads\\\/2020\\\/04\\\/logomare.png\",\"contentUrl\":\"https:\\\/\\\/dcwebdesign.ro\\\/wp-content\\\/uploads\\\/2020\\\/04\\\/logomare.png\",\"width\":838,\"height\":816,\"caption\":\"SC DC WEBEXPERTS SRL\"},\"image\":{\"@id\":\"https:\\\/\\\/dcwebdesign.ro\\\/#\\\/schema\\\/logo\\\/image\\\/\"},\"sameAs\":[\"https:\\\/\\\/www.facebook.com\\\/dcwebexperts\\\/\",\"https:\\\/\\\/www.instagram.com\\\/dcwebdesign\\\/\",\"https:\\\/\\\/www.linkedin.com\\\/company\\\/dc-web-design-agency\\\/\",\"https:\\\/\\\/www.youtube.com\\\/channel\\\/UCpplVNydMH2OMlZgzoU-wYw\"]}]}<\/script>\n<!-- \/ Yoast SEO plugin. -->","yoast_head_json":{"title":"Termeni si conditii - DC Web Design","robots":{"index":"index","follow":"follow","max-snippet":"max-snippet:-1","max-image-preview":"max-image-preview:large","max-video-preview":"max-video-preview:-1"},"canonical":"https:\/\/dcwebdesign.ro\/en\/termeni-si-conditii\/","og_locale":"en_GB","og_type":"article","og_title":"Termeni si conditii - DC Web Design","og_description":"www.DCWEBDESIGN.ro \u00a0sau DC WEB DESIGN AGENCY este denumirea comercial\u0103 a\u00a0S.C DC WEBEXPERTS S.R.L. persoan\u0103 juridic\u0103 de na\u021bionalitate rom\u00e2n\u0103, av\u00e2nd sediul \u00een Bulevardul Hristo Botev nr. 1, etaj 6. camera 613, Sector 3, Rom\u00e2nia, CUI 35463695, Nr. inregistrare J40-758-2016. Navigarea pe site-ul\u00a0www.dcwebdesign.ro reprezint\u0103 acordul dumneavoastra cu termenii \u0219i condi\u021biile de mai jos: 1. Informa\u021bii personale Sunte\u021bi [&hellip;]","og_url":"https:\/\/dcwebdesign.ro\/en\/termeni-si-conditii\/","og_site_name":"DC Web Design","article_publisher":"https:\/\/www.facebook.com\/dcwebexperts\/","article_modified_time":"2024-05-21T14:50:44+00:00","og_image":[{"width":1000,"height":1000,"url":"https:\/\/dcwebdesign.ro\/wp-content\/uploads\/2020\/06\/dreamteam.jpg","type":"image\/jpeg"}],"twitter_card":"summary_large_image","twitter_misc":{"Estimated reading time":"7 minutes"},"schema":{"@context":"https:\/\/schema.org","@graph":[{"@type":"WebPage","@id":"https:\/\/dcwebdesign.ro\/termeni-si-conditii\/","url":"https:\/\/dcwebdesign.ro\/termeni-si-conditii\/","name":"Termeni si conditii - DC Web Design","isPartOf":{"@id":"https:\/\/dcwebdesign.ro\/#website"},"datePublished":"2020-08-10T08:26:31+00:00","dateModified":"2024-05-21T14:50:44+00:00","breadcrumb":{"@id":"https:\/\/dcwebdesign.ro\/termeni-si-conditii\/#breadcrumb"},"inLanguage":"en-GB","potentialAction":[{"@type":"ReadAction","target":["https:\/\/dcwebdesign.ro\/termeni-si-conditii\/"]}]},{"@type":"BreadcrumbList","@id":"https:\/\/dcwebdesign.ro\/termeni-si-conditii\/#breadcrumb","itemListElement":[{"@type":"ListItem","position":1,"name":"Prima pagin\u0103","item":"https:\/\/dcwebdesign.ro\/"},{"@type":"ListItem","position":2,"name":"Termeni si conditii"}]},{"@type":"WebSite","@id":"https:\/\/dcwebdesign.ro\/#website","url":"https:\/\/dcwebdesign.ro\/","name":"DC Web Design","description":"Your full service web design agency.","publisher":{"@id":"https:\/\/dcwebdesign.ro\/#organization"},"potentialAction":[{"@type":"SearchAction","target":{"@type":"EntryPoint","urlTemplate":"https:\/\/dcwebdesign.ro\/?s={search_term_string}"},"query-input":{"@type":"PropertyValueSpecification","valueRequired":true,"valueName":"search_term_string"}}],"inLanguage":"en-GB"},{"@type":"Organization","@id":"https:\/\/dcwebdesign.ro\/#organization","name":"SC DC WEBEXPERTS SRL","url":"https:\/\/dcwebdesign.ro\/","logo":{"@type":"ImageObject","inLanguage":"en-GB","@id":"https:\/\/dcwebdesign.ro\/#\/schema\/logo\/image\/","url":"https:\/\/dcwebdesign.ro\/wp-content\/uploads\/2020\/04\/logomare.png","contentUrl":"https:\/\/dcwebdesign.ro\/wp-content\/uploads\/2020\/04\/logomare.png","width":838,"height":816,"caption":"SC DC WEBEXPERTS SRL"},"image":{"@id":"https:\/\/dcwebdesign.ro\/#\/schema\/logo\/image\/"},"sameAs":["https:\/\/www.facebook.com\/dcwebexperts\/","https:\/\/www.instagram.com\/dcwebdesign\/","https:\/\/www.linkedin.com\/company\/dc-web-design-agency\/","https:\/\/www.youtube.com\/channel\/UCpplVNydMH2OMlZgzoU-wYw"]}]}},"_links":{"self":[{"href":"https:\/\/dcwebdesign.ro\/en\/wp-json\/wp\/v2\/pages\/6904","targetHints":{"allow":["GET"]}}],"collection":[{"href":"https:\/\/dcwebdesign.ro\/en\/wp-json\/wp\/v2\/pages"}],"about":[{"href":"https:\/\/dcwebdesign.ro\/en\/wp-json\/wp\/v2\/types\/page"}],"author":[{"embeddable":true,"href":"https:\/\/dcwebdesign.ro\/en\/wp-json\/wp\/v2\/users\/1"}],"replies":[{"embeddable":true,"href":"https:\/\/dcwebdesign.ro\/en\/wp-json\/wp\/v2\/comments?post=6904"}],"version-history":[{"count":2,"href":"https:\/\/dcwebdesign.ro\/en\/wp-json\/wp\/v2\/pages\/6904\/revisions"}],"predecessor-version":[{"id":8700,"href":"https:\/\/dcwebdesign.ro\/en\/wp-json\/wp\/v2\/pages\/6904\/revisions\/8700"}],"wp:attachment":[{"href":"https:\/\/dcwebdesign.ro\/en\/wp-json\/wp\/v2\/media?parent=6904"}],"curies":[{"name":"wp","href":"https:\/\/api.w.org\/{rel}","templated":true}]}}