{"id":6909,"date":"2020-08-10T10:36:18","date_gmt":"2020-08-10T08:36:18","guid":{"rendered":"https:\/\/dcwebdesign.ro\/?page_id=6909"},"modified":"2024-05-21T16:50:19","modified_gmt":"2024-05-21T14:50:19","slug":"confidentialitate","status":"publish","type":"page","link":"https:\/\/dcwebdesign.ro\/en\/confidentialitate\/","title":{"rendered":"Confidentiality"},"content":{"rendered":"<p><u><a href=\"https:\/\/web.archive.org\/web\/20190405054829\/http:\/\/www.dcwebdesign.ro\/\">www.DCWEBDESIGN.ro<\/a><\/u> \u00a0sau DC WEB DESIGN AGENCY este denumirea comercial\u0103 a\u00a0<strong>S.C DC WEBEXPERTS S.R.L.<\/strong> persoan\u0103 juridic\u0103 de na\u021bionalitate rom\u00e2n\u0103, av\u00e2nd sediul \u00een Bulevardul Hristo Botev nr. 1, etaj 6. camera 613, Sector 3, Bucure\u0219ti, Rom\u00e2nia, CUI RO35463695, Nr. inregistrare J40-758-2016.<br \/>\nNavigarea pe site-ul\u00a0<u><a href=\"https:\/\/web.archive.org\/web\/20190405054829\/http:\/\/www.dcwebdesign.ro\/\">www.dcwebdesign.ro<\/a><\/u>\u00a0reprezint\u0103 acordul dumneavoastra cu termenii \u0219i condi\u021biile de mai jos.<\/p>\n<p><strong>1. Informa\u021bii personale<\/strong><br \/>\nSunte\u021bi de acord ca furnizarea datelor personale de catre dvs. se face prin completarea formularelor de contact din site. In lipsa completarii acestor formulare, site-ul DCWEBDESIGN.ro nu stocheaza sau prelucreaza datele dvs.<\/p>\n<p>Exista 2 formulare de contact: cel din pagina &#8216;Contact&#8217; si cel din fereastra de chat. Datele personale din fereastra de chat sunt stocate si prelucrate de catre o terta parte (Tawk.to, politica lor este <a href=\"https:\/\/www.tawk.to\/data-protection\/\">aici<\/a>). Cele din pagina de &#8216;contact&#8217; sunt stocate de noi temporar, si sunt folosite pentru a va contacta inapoi atunci cand aveti solicitari. Daca nu se va incheia o colaborare intre noi si dvs. datele vor fi sterse automat din baza de date.<\/p>\n<p><strong>2. Securitatea datelor personale<\/strong><br \/>\nDatele dumneavoastr\u0103 personale vor putea fi utilizate de catre<strong>\u00a0S.C. DC WEBEXPERTS S.R.L.<\/strong>\u00a0pentru a va contacta inapoi, prin e-mail, posta\u00a0sau telefonic.<br \/>\nDatele dumneavoastr\u0103 personale vor putea fi transmise autorit\u0103\u021bilor \u00een drept cu scopul verific\u0103rii tranzac\u021biilor comerciale sau altor autorit\u0103\u021bi \u00een drept pentru efectuarea oricaror verific\u0103ri justificate \u00een baza legii.<br \/>\nDatele furnizate de c\u0103tre clien\u021bi sunt strict confiden\u021biale.\u00a0<strong>S.C. DC WEBEXPERTS S.R.L.<\/strong>\u00a0se angajeaz\u0103\u00a0\u00een fata clien\u021bilor s\u0103i s\u0103 nu furnizeze aceste date unor ter\u021be persoane sau companii \u0219i s\u0103 le utilizeze strict pentru uzul rela\u021biei de afaceri dintre client\/vizitator \u0219i<strong>\u00a0S.C. DC WEBEXPERTS S.R.L..<\/strong><br \/>\nAcest site folose\u0219te m\u0103suri de securitate \u00eempotriva pierderii, alter\u0103rii sau folosirii gre\u0219ite a informa\u021biilor care se afl\u0103\u00a0\u00een controlul nostru.<\/p>\n<p><strong>S.C. DC WEBEXPERTS S.R.L.<\/strong>\u00a0se oblig\u0103 s\u0103 respecte drepturile dumneavoastr\u0103 conferite de Legea 677\/2001, iar la cererea dumneavoastr\u0103 trimis\u0103 la adresa\u00a0<strong>office@dcwebdesign.ro<\/strong>, se oblig\u0103: s\u0103 rectifice, actualizeze, blocheze, \u0219tearg\u0103 sau transforme \u00een date anonime, \u00een mod gratuit, datele a caror prelucrare nu este conform\u0103 dispozi\u021biilor Legii nr. 677\/2001 privind protec\u021bia persoanelor cu privire la prelucrarea datelor cu caracter personal \u0219i libera circula\u021bie a acestor date; s\u0103\u00a0\u00eenceteze prelucrarea datelor dumneavoastr\u0103 personale.<\/p>\n<p><strong>S.C. DC WEBEXPERTS S.R.L.<\/strong>\u00a0certific\u0103 faptul c\u0103 va respecta drepturile conferite de Legea nr. 677\/2001 privind protec\u021bia persoanelor cu privire la prelucrarea datelor cu caracter personal \u0219i libera circula\u021bie a acestor date, a Legii nr. 365\/2002 privind comer\u021bul electronic, precum a Ordonan\u021bei nr. 130\/2000 privind protec\u021bia consumatorilor la \u00eencheierea \u0219i executarea contractelor la distan\u021b\u0103 cu modificarile ulterioare. Printre aceste drepturi se numar\u0103 (enumerarea neav\u00e2nd un caracter limitativ):<br \/>\na. dreptul de a cere\u00a0<strong>S.C. DC WEBEXPERTS S.R.L.<\/strong>\u00a0s\u0103 v\u0103 confirme dac\u0103 prelucreaz\u0103 sau nu datele dumneavoastr\u0103 personale, \u00een mod gratuit pentru o solicitare pe an;<br \/>\nb. dreptul de a cere\u00a0<strong>S.C. DC WEBEXPERTS S.R.L.<\/strong>\u00a0s\u0103 rectifice, actualizeze, blocheze sau\u00a0\u0219terge, \u00een mod gratuit, acele date furnizate a c\u0103ror prelucrare nu este conform\u0103 dispozi\u021biilor Legii nr. 677\/2001;<br \/>\nc. dreptul de a cere\u00a0<strong>S.C. DC WEBEXPERTS S.R.L.<\/strong>\u00a0s\u0103\u00a0\u00eenceteze, \u00een mod gratuit, prelucrarea datelor sale personale;<\/p>\n<p>Solicitarile sau detaliile suplimentare privind datele personale se fac in scris, catre adresa sediului nostru social sau pe email la office@dcwebdesign.ro.<\/p>","protected":false},"excerpt":{"rendered":"<p>www.DCWEBDESIGN.ro \u00a0sau DC WEB DESIGN AGENCY este denumirea comercial\u0103 a\u00a0S.C DC WEBEXPERTS S.R.L. persoan\u0103 juridic\u0103 de na\u021bionalitate rom\u00e2n\u0103, av\u00e2nd sediul \u00een Bulevardul Hristo Botev nr. 1, etaj 6. camera 613, Sector 3, Bucure\u0219ti, Rom\u00e2nia, CUI RO35463695, Nr. inregistrare J40-758-2016. Navigarea pe site-ul\u00a0www.dcwebdesign.ro\u00a0reprezint\u0103 acordul dumneavoastra cu termenii \u0219i condi\u021biile de mai jos. 1. Informa\u021bii personale Sunte\u021bi [&hellip;]<\/p>\n","protected":false},"author":1,"featured_media":0,"parent":0,"menu_order":0,"comment_status":"closed","ping_status":"closed","template":"","meta":{"footnotes":""},"class_list":["post-6909","page","type-page","status-publish","hentry"],"yoast_head":"<!-- This site is optimized with the Yoast SEO plugin v27.4 - https:\/\/yoast.com\/product\/yoast-seo-wordpress\/ -->\n<title>Confidentialitate - DC Web Design<\/title>\n<meta name=\"robots\" content=\"index, follow, max-snippet:-1, max-image-preview:large, max-video-preview:-1\" \/>\n<link rel=\"canonical\" href=\"https:\/\/dcwebdesign.ro\/en\/confidentialitate\/\" \/>\n<meta property=\"og:locale\" content=\"en_GB\" \/>\n<meta property=\"og:type\" content=\"article\" \/>\n<meta property=\"og:title\" content=\"Confidentialitate - DC Web Design\" \/>\n<meta property=\"og:description\" content=\"www.DCWEBDESIGN.ro \u00a0sau DC WEB DESIGN AGENCY este denumirea comercial\u0103 a\u00a0S.C DC WEBEXPERTS S.R.L. persoan\u0103 juridic\u0103 de na\u021bionalitate rom\u00e2n\u0103, av\u00e2nd sediul \u00een Bulevardul Hristo Botev nr. 1, etaj 6. camera 613, Sector 3, Bucure\u0219ti, Rom\u00e2nia, CUI RO35463695, Nr. inregistrare J40-758-2016. Navigarea pe site-ul\u00a0www.dcwebdesign.ro\u00a0reprezint\u0103 acordul dumneavoastra cu termenii \u0219i condi\u021biile de mai jos. 1. Informa\u021bii personale Sunte\u021bi [&hellip;]\" \/>\n<meta property=\"og:url\" content=\"https:\/\/dcwebdesign.ro\/en\/confidentialitate\/\" \/>\n<meta property=\"og:site_name\" content=\"DC Web Design\" \/>\n<meta property=\"article:publisher\" content=\"https:\/\/www.facebook.com\/dcwebexperts\/\" \/>\n<meta property=\"article:modified_time\" content=\"2024-05-21T14:50:19+00:00\" \/>\n<meta property=\"og:image\" content=\"https:\/\/dcwebdesign.ro\/wp-content\/uploads\/2020\/06\/dreamteam.jpg\" \/>\n\t<meta property=\"og:image:width\" content=\"1000\" \/>\n\t<meta property=\"og:image:height\" content=\"1000\" \/>\n\t<meta property=\"og:image:type\" content=\"image\/jpeg\" \/>\n<meta name=\"twitter:card\" content=\"summary_large_image\" \/>\n<meta name=\"twitter:label1\" content=\"Estimated reading time\" \/>\n\t<meta name=\"twitter:data1\" content=\"3 minutes\" \/>\n<script type=\"application\/ld+json\" class=\"yoast-schema-graph\">{\"@context\":\"https:\\\/\\\/schema.org\",\"@graph\":[{\"@type\":\"WebPage\",\"@id\":\"https:\\\/\\\/dcwebdesign.ro\\\/confidentialitate\\\/\",\"url\":\"https:\\\/\\\/dcwebdesign.ro\\\/confidentialitate\\\/\",\"name\":\"Confidentialitate - DC Web Design\",\"isPartOf\":{\"@id\":\"https:\\\/\\\/dcwebdesign.ro\\\/#website\"},\"datePublished\":\"2020-08-10T08:36:18+00:00\",\"dateModified\":\"2024-05-21T14:50:19+00:00\",\"breadcrumb\":{\"@id\":\"https:\\\/\\\/dcwebdesign.ro\\\/confidentialitate\\\/#breadcrumb\"},\"inLanguage\":\"en-GB\",\"potentialAction\":[{\"@type\":\"ReadAction\",\"target\":[\"https:\\\/\\\/dcwebdesign.ro\\\/confidentialitate\\\/\"]}]},{\"@type\":\"BreadcrumbList\",\"@id\":\"https:\\\/\\\/dcwebdesign.ro\\\/confidentialitate\\\/#breadcrumb\",\"itemListElement\":[{\"@type\":\"ListItem\",\"position\":1,\"name\":\"Prima pagin\u0103\",\"item\":\"https:\\\/\\\/dcwebdesign.ro\\\/\"},{\"@type\":\"ListItem\",\"position\":2,\"name\":\"Confidentialitate\"}]},{\"@type\":\"WebSite\",\"@id\":\"https:\\\/\\\/dcwebdesign.ro\\\/#website\",\"url\":\"https:\\\/\\\/dcwebdesign.ro\\\/\",\"name\":\"DC Web Design\",\"description\":\"Agentia ta web full service\",\"publisher\":{\"@id\":\"https:\\\/\\\/dcwebdesign.ro\\\/#organization\"},\"potentialAction\":[{\"@type\":\"SearchAction\",\"target\":{\"@type\":\"EntryPoint\",\"urlTemplate\":\"https:\\\/\\\/dcwebdesign.ro\\\/?s={search_term_string}\"},\"query-input\":{\"@type\":\"PropertyValueSpecification\",\"valueRequired\":true,\"valueName\":\"search_term_string\"}}],\"inLanguage\":\"en-GB\"},{\"@type\":\"Organization\",\"@id\":\"https:\\\/\\\/dcwebdesign.ro\\\/#organization\",\"name\":\"SC DC WEBEXPERTS SRL\",\"url\":\"https:\\\/\\\/dcwebdesign.ro\\\/\",\"logo\":{\"@type\":\"ImageObject\",\"inLanguage\":\"en-GB\",\"@id\":\"https:\\\/\\\/dcwebdesign.ro\\\/#\\\/schema\\\/logo\\\/image\\\/\",\"url\":\"https:\\\/\\\/dcwebdesign.ro\\\/wp-content\\\/uploads\\\/2020\\\/04\\\/logomare.png\",\"contentUrl\":\"https:\\\/\\\/dcwebdesign.ro\\\/wp-content\\\/uploads\\\/2020\\\/04\\\/logomare.png\",\"width\":838,\"height\":816,\"caption\":\"SC DC WEBEXPERTS SRL\"},\"image\":{\"@id\":\"https:\\\/\\\/dcwebdesign.ro\\\/#\\\/schema\\\/logo\\\/image\\\/\"},\"sameAs\":[\"https:\\\/\\\/www.facebook.com\\\/dcwebexperts\\\/\",\"https:\\\/\\\/www.instagram.com\\\/dcwebdesign\\\/\",\"https:\\\/\\\/www.linkedin.com\\\/company\\\/dc-web-design-agency\\\/\",\"https:\\\/\\\/www.youtube.com\\\/channel\\\/UCpplVNydMH2OMlZgzoU-wYw\"]}]}<\/script>\n<!-- \/ Yoast SEO plugin. -->","yoast_head_json":{"title":"Confidentialitate - DC Web Design","robots":{"index":"index","follow":"follow","max-snippet":"max-snippet:-1","max-image-preview":"max-image-preview:large","max-video-preview":"max-video-preview:-1"},"canonical":"https:\/\/dcwebdesign.ro\/en\/confidentialitate\/","og_locale":"en_GB","og_type":"article","og_title":"Confidentialitate - DC Web Design","og_description":"www.DCWEBDESIGN.ro \u00a0sau DC WEB DESIGN AGENCY este denumirea comercial\u0103 a\u00a0S.C DC WEBEXPERTS S.R.L. persoan\u0103 juridic\u0103 de na\u021bionalitate rom\u00e2n\u0103, av\u00e2nd sediul \u00een Bulevardul Hristo Botev nr. 1, etaj 6. camera 613, Sector 3, Bucure\u0219ti, Rom\u00e2nia, CUI RO35463695, Nr. inregistrare J40-758-2016. Navigarea pe site-ul\u00a0www.dcwebdesign.ro\u00a0reprezint\u0103 acordul dumneavoastra cu termenii \u0219i condi\u021biile de mai jos. 1. Informa\u021bii personale Sunte\u021bi [&hellip;]","og_url":"https:\/\/dcwebdesign.ro\/en\/confidentialitate\/","og_site_name":"DC Web Design","article_publisher":"https:\/\/www.facebook.com\/dcwebexperts\/","article_modified_time":"2024-05-21T14:50:19+00:00","og_image":[{"width":1000,"height":1000,"url":"https:\/\/dcwebdesign.ro\/wp-content\/uploads\/2020\/06\/dreamteam.jpg","type":"image\/jpeg"}],"twitter_card":"summary_large_image","twitter_misc":{"Estimated reading time":"3 minutes"},"schema":{"@context":"https:\/\/schema.org","@graph":[{"@type":"WebPage","@id":"https:\/\/dcwebdesign.ro\/confidentialitate\/","url":"https:\/\/dcwebdesign.ro\/confidentialitate\/","name":"Confidentialitate - DC Web Design","isPartOf":{"@id":"https:\/\/dcwebdesign.ro\/#website"},"datePublished":"2020-08-10T08:36:18+00:00","dateModified":"2024-05-21T14:50:19+00:00","breadcrumb":{"@id":"https:\/\/dcwebdesign.ro\/confidentialitate\/#breadcrumb"},"inLanguage":"en-GB","potentialAction":[{"@type":"ReadAction","target":["https:\/\/dcwebdesign.ro\/confidentialitate\/"]}]},{"@type":"BreadcrumbList","@id":"https:\/\/dcwebdesign.ro\/confidentialitate\/#breadcrumb","itemListElement":[{"@type":"ListItem","position":1,"name":"Prima pagin\u0103","item":"https:\/\/dcwebdesign.ro\/"},{"@type":"ListItem","position":2,"name":"Confidentialitate"}]},{"@type":"WebSite","@id":"https:\/\/dcwebdesign.ro\/#website","url":"https:\/\/dcwebdesign.ro\/","name":"DC Web Design","description":"Your full service web design agency.","publisher":{"@id":"https:\/\/dcwebdesign.ro\/#organization"},"potentialAction":[{"@type":"SearchAction","target":{"@type":"EntryPoint","urlTemplate":"https:\/\/dcwebdesign.ro\/?s={search_term_string}"},"query-input":{"@type":"PropertyValueSpecification","valueRequired":true,"valueName":"search_term_string"}}],"inLanguage":"en-GB"},{"@type":"Organization","@id":"https:\/\/dcwebdesign.ro\/#organization","name":"SC DC WEBEXPERTS SRL","url":"https:\/\/dcwebdesign.ro\/","logo":{"@type":"ImageObject","inLanguage":"en-GB","@id":"https:\/\/dcwebdesign.ro\/#\/schema\/logo\/image\/","url":"https:\/\/dcwebdesign.ro\/wp-content\/uploads\/2020\/04\/logomare.png","contentUrl":"https:\/\/dcwebdesign.ro\/wp-content\/uploads\/2020\/04\/logomare.png","width":838,"height":816,"caption":"SC DC WEBEXPERTS SRL"},"image":{"@id":"https:\/\/dcwebdesign.ro\/#\/schema\/logo\/image\/"},"sameAs":["https:\/\/www.facebook.com\/dcwebexperts\/","https:\/\/www.instagram.com\/dcwebdesign\/","https:\/\/www.linkedin.com\/company\/dc-web-design-agency\/","https:\/\/www.youtube.com\/channel\/UCpplVNydMH2OMlZgzoU-wYw"]}]}},"_links":{"self":[{"href":"https:\/\/dcwebdesign.ro\/en\/wp-json\/wp\/v2\/pages\/6909","targetHints":{"allow":["GET"]}}],"collection":[{"href":"https:\/\/dcwebdesign.ro\/en\/wp-json\/wp\/v2\/pages"}],"about":[{"href":"https:\/\/dcwebdesign.ro\/en\/wp-json\/wp\/v2\/types\/page"}],"author":[{"embeddable":true,"href":"https:\/\/dcwebdesign.ro\/en\/wp-json\/wp\/v2\/users\/1"}],"replies":[{"embeddable":true,"href":"https:\/\/dcwebdesign.ro\/en\/wp-json\/wp\/v2\/comments?post=6909"}],"version-history":[{"count":2,"href":"https:\/\/dcwebdesign.ro\/en\/wp-json\/wp\/v2\/pages\/6909\/revisions"}],"predecessor-version":[{"id":8699,"href":"https:\/\/dcwebdesign.ro\/en\/wp-json\/wp\/v2\/pages\/6909\/revisions\/8699"}],"wp:attachment":[{"href":"https:\/\/dcwebdesign.ro\/en\/wp-json\/wp\/v2\/media?parent=6909"}],"curies":[{"name":"wp","href":"https:\/\/api.w.org\/{rel}","templated":true}]}}